{"id":491,"date":"2019-10-09T10:33:53","date_gmt":"2019-10-09T08:33:53","guid":{"rendered":"http:\/\/www.tpssrl.net\/tps\/esperienza-pluridecennale-nella-verniciatura-di-componenti-e-semilavorati\/"},"modified":"2024-11-14T11:17:58","modified_gmt":"2024-11-14T10:17:58","slug":"jahrzehntelange-erfahrung-in-der-lackierung-von-bauteilen-und-halbfertigprodukten","status":"publish","type":"page","link":"http:\/\/www.tpssrl.net\/de\/jahrzehntelange-erfahrung-in-der-lackierung-von-bauteilen-und-halbfertigprodukten\/","title":{"rendered":"\u00dcber uns"},"content":{"rendered":"<p>[vc_row type=&#8220;full_width&#8220;][vc_column][rev_slider_vc alias=&#8220;about-us-deu&#8220;][\/vc_column][\/vc_row][vc_row][vc_column offset=&#8220;vc_hidden-xs&#8220;][vc_row_inner][vc_column_inner width=&#8220;1\/2&#8243;][vc_custom_heading text=&#8220;EINE SICHERE SACHE F\u00dcR DIE M\u00d6BELINDUSTRIE.&#8220; el_class=&#8220;tps-f-42 tps-padding-l-10&#8243;][vc_empty_space height=&#8220;20&#8243;][vc_column_text el_class=&#8220;tps-padding-l-10&#8243;]<\/p>\n<p style=\"max-width: 460px;\"><em>TPS steht f\u00fcr eine jahrzehntelange Erfahrung in der Lackierung von Bauteilen und Halbfertigprodukten sowie in der Lieferung von Platten f\u00fcr die M\u00f6belindustrie.<br \/>\nDas Unternehmen verbindet sein au\u00dferordentlich fundiertes Know-how mit hoher Zuverl\u00e4ssigkeit, was auch durch die Zugeh\u00f6rigkeit zur Gruppe ILCAM best\u00e4tigt wird, der Nummer 1 in Europa bei der Herstellung von T\u00fcren, f\u00fcr die es einen Teil der Lackierungsprozesse durchf\u00fchrt.<\/em><\/p>\n<p>[\/vc_column_text][vc_empty_space height=&#8220;80&#8243;][vc_single_image image=&#8220;1521&#8243; img_size=&#8220;full&#8220; css_animation=&#8220;fadeInLeftBig&#8220;][vc_column_text]<a class=\"tps-btn-discover\" href=\"https:\/\/www.tpssrl.net\/de\/matte-lackierung-ixtex-matt\/\">IXTEX MATT<\/a><br \/>\n<a class=\"tps-btn-discover\" href=\"https:\/\/www.tpssrl.net\/de\/transparente-matte-lackierung-auf-holz-ixtex-wood\/\">IXTEX WOOD<\/a><br \/>\n<a class=\"tps-btn-discover\" href=\"https:\/\/www.tpssrl.net\/de\/hochglanzlackierung-ilux\/\">ILUX<\/a>[\/vc_column_text][\/vc_column_inner][vc_column_inner width=&#8220;1\/2&#8243;][vc_single_image image=&#8220;153&#8243; img_size=&#8220;full&#8220; css_animation=&#8220;fadeInRightBig&#8220;][vc_empty_space height=&#8220;80&#8243;][vc_column_text el_class=&#8220;tps-padding-l-30&#8243;]<\/p>\n<p style=\"max-width: 450px;\"><em>Zu den Referenzen von TPS geh\u00f6rt die Zusammenarbeit mit einigen der wichtigsten europ\u00e4ischen Herstellern von Einbauk\u00fcchen, was eine Fachkompetenz beweist, die auch von Marken, die sehr sensibel auf das Thema Qualit\u00e4t reagieren, uneingeschr\u00e4nkt anerkannt wird. Ein weiteres Merkmal ist die flexible Produktionsorganisation, die es dem Unternehmen erlaubt, Gro\u00dfauftr\u00e4ge mit der sofortigen Lagerverf\u00fcgbarkeit von Platten in Standardfarben zu kombinieren.<\/em><\/p>\n<p><img loading=\"lazy\" class=\"alignnone size-full wp-image-4055\" src=\"http:\/\/www.tpssrl.net\/wp-content\/uploads\/2022\/09\/tps-iso9001.png\" alt=\"\" width=\"100\" height=\"95\" srcset=\"http:\/\/www.tpssrl.net\/wp-content\/uploads\/2022\/09\/tps-iso9001.png 100w, http:\/\/www.tpssrl.net\/wp-content\/uploads\/2022\/09\/tps-iso9001-24x24.png 24w, http:\/\/www.tpssrl.net\/wp-content\/uploads\/2022\/09\/tps-iso9001-36x34.png 36w, http:\/\/www.tpssrl.net\/wp-content\/uploads\/2022\/09\/tps-iso9001-48x46.png 48w\" sizes=\"(max-width: 100px) 100vw, 100px\" \/>[\/vc_column_text][vc_empty_space height=&#8220;40&#8243;][vc_single_image image=&#8220;147&#8243; img_size=&#8220;full&#8220; css_animation=&#8220;fadeInRightBig&#8220;][\/vc_column_inner][\/vc_row_inner][vc_empty_space height=&#8220;80&#8243;][\/vc_column][\/vc_row][vc_row][vc_column offset=&#8220;vc_hidden-lg vc_hidden-md vc_hidden-sm&#8220;][vc_custom_heading text=&#8220;EINE SICHERE SACHE F\u00dcR DIE M\u00d6BELINDUSTRIE.&#8220; el_class=&#8220;tps-f-42&#8243;][vc_column_text]<em>TPS steht f\u00fcr eine jahrzehntelange Erfahrung in der Lackierung von Bauteilen und Halbfertigprodukten sowie in der Lieferung von Platten f\u00fcr die M\u00f6belindustrie.<br \/>\nDas Unternehmen verbindet sein au\u00dferordentlich fundiertes Know-how mit hoher Zuverl\u00e4ssigkeit, was auch durch die Zugeh\u00f6rigkeit zur Gruppe ILCAM best\u00e4tigt wird, der Nummer 1 in Europa bei der Herstellung von T\u00fcren, f\u00fcr die es einen Teil der Lackierungsprozesse durchf\u00fchrt.<\/em>[\/vc_column_text][vc_empty_space height=&#8220;20&#8243;][vc_single_image image=&#8220;153&#8243; img_size=&#8220;full&#8220;][vc_empty_space height=&#8220;20&#8243;][vc_column_text]<em>Zu den Referenzen von TPS geh\u00f6rt die Zusammenarbeit mit einigen der wichtigsten europ\u00e4ischen Herstellern von Einbauk\u00fcchen, was eine Fachkompetenz beweist, die auch von Marken, die sehr sensibel auf das Thema Qualit\u00e4t reagieren, uneingeschr\u00e4nkt anerkannt wird. Ein weiteres Merkmal ist die flexible Produktionsorganisation, die es dem Unternehmen erlaubt, Gro\u00dfauftr\u00e4ge mit der sofortigen Lagerverf\u00fcgbarkeit von Platten in Standardfarben zu kombinieren.<\/em>[\/vc_column_text][vc_empty_space height=&#8220;20&#8243;][vc_single_image image=&#8220;1521&#8243; img_size=&#8220;full&#8220;][vc_empty_space height=&#8220;20&#8243;][vc_column_text]<a class=\"tps-btn-discover\" href=\"https:\/\/www.tpssrl.net\/de\/matte-lackierung-ixtex-matt\/\">IXTEX MATT<\/a><br \/>\n<a class=\"tps-btn-discover\" href=\"https:\/\/www.tpssrl.net\/de\/transparente-matte-lackierung-auf-holz-ixtex-wood\/\">IXTEX WOOD<\/a><br \/>\n<a class=\"tps-btn-discover\" href=\"https:\/\/www.tpssrl.net\/de\/hochglanzlackierung-ilux\/\">ILUX<\/a>[\/vc_column_text][vc_empty_space height=&#8220;20&#8243;][vc_single_image image=&#8220;145&#8243; img_size=&#8220;full&#8220;][vc_empty_space height=&#8220;20&#8243;][\/vc_column][\/vc_row][vc_row css=&#8220;.vc_custom_1570531017304{background-color: #c1c0b6 !important;}&#8220;][vc_column css=&#8220;.vc_custom_1570532090010{padding-top: 50px !important;padding-bottom: 50px !important;}&#8220;][vc_row_inner][vc_column_inner width=&#8220;1\/2&#8243; offset=&#8220;vc_col-lg-offset-1 vc_col-lg-4 vc_col-md-offset-0&#8243;][vc_column_text]<\/p>\n<p class=\"tps-form-generic\"><span style=\"text-decoration: none;\">KONTAKTIERE UNS<\/span><br \/>\nF\u00dcR MEHR INFORMATIONEN<\/p>\n<p>[\/vc_column_text][\/vc_column_inner][vc_column_inner width=&#8220;1\/2&#8243;]<div role=\"form\" class=\"wpcf7\" id=\"wpcf7-f494-o1\" lang=\"de-DE\" dir=\"ltr\">\n<div class=\"screen-reader-response\"><p role=\"status\" aria-live=\"polite\" aria-atomic=\"true\"><\/p> <ul><\/ul><\/div>\n<form action=\"\/de\/wp-json\/wp\/v2\/pages\/491#wpcf7-f494-o1\" method=\"post\" class=\"wpcf7-form init\" novalidate=\"novalidate\" data-status=\"init\">\n<div style=\"display: none;\">\n<input type=\"hidden\" name=\"_wpcf7\" value=\"494\" \/>\n<input type=\"hidden\" name=\"_wpcf7_version\" value=\"5.5.3\" \/>\n<input type=\"hidden\" name=\"_wpcf7_locale\" value=\"de_DE\" \/>\n<input type=\"hidden\" name=\"_wpcf7_unit_tag\" value=\"wpcf7-f494-o1\" \/>\n<input type=\"hidden\" name=\"_wpcf7_container_post\" value=\"0\" \/>\n<input type=\"hidden\" name=\"_wpcf7_posted_data_hash\" value=\"\" \/>\n<input type=\"hidden\" name=\"_wpcf7_recaptcha_response\" value=\"\" \/>\n<\/div>\n<div class=\"form-hp\">\n<div class=\"row\">\n<div class=\"col-md-6\">\n<div class=\"row\">\n<div class=\"col-md-12\">\n<span class=\"wpcf7-form-control-wrap tps-nome\"><input type=\"text\" name=\"tps-nome\" value=\"\" size=\"40\" class=\"wpcf7-form-control wpcf7-text wpcf7-validates-as-required\" aria-required=\"true\" aria-invalid=\"false\" placeholder=\"Vorname und Nachname\" \/><\/span>\n<\/div>\n<\/div>\n<div class=\"row\">\n<div class=\"col-md-12\">\n<span class=\"wpcf7-form-control-wrap tps-contatto\"><input type=\"text\" name=\"tps-contatto\" value=\"\" size=\"40\" class=\"wpcf7-form-control wpcf7-text wpcf7-validates-as-required\" aria-required=\"true\" aria-invalid=\"false\" placeholder=\"E-Mail oder Telefon\" \/><\/span>\n<\/div>\n<\/div>\n<\/div>\n<div class=\"col-md-6\">\n<span class=\"wpcf7-form-control-wrap tps-messaggio\"><textarea name=\"tps-messaggio\" cols=\"40\" rows=\"10\" class=\"wpcf7-form-control wpcf7-textarea wpcf7-validates-as-required\" aria-required=\"true\" aria-invalid=\"false\" placeholder=\"Was k\u00f6nnen wir f\u00fcr Sie tun?\"><\/textarea><\/span>\n<\/div>\n<\/div>\n<div class=\"row\">\n<div class=\"col-md-6\"><span class=\"wpcf7-form-control-wrap tps-privacy\"><span class=\"wpcf7-form-control wpcf7-acceptance\"><span class=\"wpcf7-list-item\"><label><input type=\"checkbox\" name=\"tps-privacy\" value=\"1\" aria-invalid=\"false\" \/><span class=\"wpcf7-list-item-label\">Ich habe die Datenschutzbestimmungen unter <a href=\"\/de\/privacy-policy\/\" target=\"_blank\">diesem Link<\/a> gelesen und akzeptiere die dort angegebene Verarbeitung meiner personenbezogenen Daten.<\/span><\/label><\/span><\/span><\/span>\n<\/div>\n<div class=\"col-md-6 tps-submit\"><input type=\"submit\" value=\"senden\" class=\"wpcf7-form-control has-spinner wpcf7-submit\" \/>\n<\/div>\n<\/div>\n<\/div>\n<div class=\"wpcf7-response-output\" aria-hidden=\"true\"><\/div><\/form><\/div>[\/vc_column_inner][\/vc_row_inner][\/vc_column][\/vc_row]<\/p>\n","protected":false},"excerpt":{"rendered":"<p>[vc_row type=&#8220;full_width&#8220;][vc_column][rev_slider_vc alias=&#8220;about-us-deu&#8220;][\/vc_column][\/vc_row][vc_row][vc_column offset=&#8220;vc_hidden-xs&#8220;][vc_row_inner][vc_column_inner width=&#8220;1\/2&#8243;][vc_custom_heading text=&#8220;EINE SICHERE SACHE F\u00dcR DIE M\u00d6BELINDUSTRIE.&#8220; el_class=&#8220;tps-f-42 tps-padding-l-10&#8243;][vc_empty_space height=&#8220;20&#8243;][vc_column_text el_class=&#8220;tps-padding-l-10&#8243;] TPS steht f\u00fcr eine jahrzehntelange Erfahrung in der Lackierung von Bauteilen und Halbfertigprodukten sowie in der Lieferung von Platten f\u00fcr die M\u00f6belindustrie. Das Unternehmen verbindet sein au\u00dferordentlich fundiertes Know-how mit hoher Zuverl\u00e4ssigkeit, was auch durch die Zugeh\u00f6rigkeit zur Gruppe ILCAM [&hellip;]<\/p>\n","protected":false},"author":1,"featured_media":0,"parent":0,"menu_order":0,"comment_status":"closed","ping_status":"closed","template":"","meta":[],"acf":[],"yoast_head":"<!-- This site is optimized with the Yoast SEO plugin v19.3 - https:\/\/yoast.com\/wordpress\/plugins\/seo\/ -->\n<title>Lackierung von Bauteilen und Halbfertigprodukten | TPS<\/title>\n<meta name=\"description\" content=\"TPS verf\u00fcgt \u00fcber eine jahrzehntelange Erfahrung in der Lackierung von Bauteilen und Halbfertigprodukten sowie in der Lieferung von Platten f\u00fcr die M\u00f6belindustrie.\" \/>\n<meta name=\"robots\" content=\"index, follow, max-snippet:-1, max-image-preview:large, max-video-preview:-1\" \/>\n<link rel=\"canonical\" href=\"http:\/\/www.tpssrl.net\/de\/jahrzehntelange-erfahrung-in-der-lackierung-von-bauteilen-und-halbfertigprodukten\/\" \/>\n<meta property=\"og:locale\" content=\"de_DE\" \/>\n<meta property=\"og:type\" content=\"article\" \/>\n<meta property=\"og:title\" content=\"Lackierung von Bauteilen und Halbfertigprodukten | TPS\" \/>\n<meta property=\"og:description\" content=\"TPS verf\u00fcgt \u00fcber eine jahrzehntelange Erfahrung in der Lackierung von Bauteilen und Halbfertigprodukten sowie in der Lieferung von Platten f\u00fcr die M\u00f6belindustrie.\" \/>\n<meta property=\"og:url\" content=\"http:\/\/www.tpssrl.net\/de\/jahrzehntelange-erfahrung-in-der-lackierung-von-bauteilen-und-halbfertigprodukten\/\" \/>\n<meta property=\"og:site_name\" content=\"TPS\" \/>\n<meta property=\"article:modified_time\" content=\"2024-11-14T10:17:58+00:00\" \/>\n<meta property=\"og:image\" content=\"http:\/\/www.tpssrl.net\/wp-content\/uploads\/2022\/09\/tps-iso9001.png\" \/>\n<meta name=\"twitter:card\" content=\"summary_large_image\" \/>\n<meta name=\"twitter:label1\" content=\"Gesch\u00e4tzte Lesezeit\" \/>\n\t<meta name=\"twitter:data1\" content=\"2\u00a0Minuten\" \/>\n<script type=\"application\/ld+json\" class=\"yoast-schema-graph\">{\"@context\":\"https:\/\/schema.org\",\"@graph\":[{\"@type\":\"Organization\",\"@id\":\"https:\/\/www.tpssrl.net\/#organization\",\"name\":\"TPS s.r.l.\",\"url\":\"https:\/\/www.tpssrl.net\/\",\"sameAs\":[],\"logo\":{\"@type\":\"ImageObject\",\"inLanguage\":\"de\",\"@id\":\"https:\/\/www.tpssrl.net\/#\/schema\/logo\/image\/\",\"url\":\"https:\/\/www.tpssrl.net\/wp-content\/uploads\/2019\/10\/tps-logo.png\",\"contentUrl\":\"https:\/\/www.tpssrl.net\/wp-content\/uploads\/2019\/10\/tps-logo.png\",\"width\":500,\"height\":205,\"caption\":\"TPS s.r.l.\"},\"image\":{\"@id\":\"https:\/\/www.tpssrl.net\/#\/schema\/logo\/image\/\"}},{\"@type\":\"WebSite\",\"@id\":\"https:\/\/www.tpssrl.net\/#website\",\"url\":\"https:\/\/www.tpssrl.net\/\",\"name\":\"TPS\",\"description\":\"Techno painting system\",\"publisher\":{\"@id\":\"https:\/\/www.tpssrl.net\/#organization\"},\"potentialAction\":[{\"@type\":\"SearchAction\",\"target\":{\"@type\":\"EntryPoint\",\"urlTemplate\":\"https:\/\/www.tpssrl.net\/?s={search_term_string}\"},\"query-input\":\"required name=search_term_string\"}],\"inLanguage\":\"de\"},{\"@type\":\"ImageObject\",\"inLanguage\":\"de\",\"@id\":\"http:\/\/www.tpssrl.net\/de\/jahrzehntelange-erfahrung-in-der-lackierung-von-bauteilen-und-halbfertigprodukten\/#primaryimage\",\"url\":\"http:\/\/www.tpssrl.net\/wp-content\/uploads\/2022\/09\/tps-iso9001.png\",\"contentUrl\":\"http:\/\/www.tpssrl.net\/wp-content\/uploads\/2022\/09\/tps-iso9001.png\",\"width\":100,\"height\":95},{\"@type\":\"WebPage\",\"@id\":\"http:\/\/www.tpssrl.net\/de\/jahrzehntelange-erfahrung-in-der-lackierung-von-bauteilen-und-halbfertigprodukten\/\",\"url\":\"http:\/\/www.tpssrl.net\/de\/jahrzehntelange-erfahrung-in-der-lackierung-von-bauteilen-und-halbfertigprodukten\/\",\"name\":\"Lackierung von Bauteilen und Halbfertigprodukten | TPS\",\"isPartOf\":{\"@id\":\"https:\/\/www.tpssrl.net\/#website\"},\"primaryImageOfPage\":{\"@id\":\"http:\/\/www.tpssrl.net\/de\/jahrzehntelange-erfahrung-in-der-lackierung-von-bauteilen-und-halbfertigprodukten\/#primaryimage\"},\"datePublished\":\"2019-10-09T08:33:53+00:00\",\"dateModified\":\"2024-11-14T10:17:58+00:00\",\"description\":\"TPS verf\u00fcgt \u00fcber eine jahrzehntelange Erfahrung in der Lackierung von Bauteilen und Halbfertigprodukten sowie in der Lieferung von Platten f\u00fcr die M\u00f6belindustrie.\",\"breadcrumb\":{\"@id\":\"http:\/\/www.tpssrl.net\/de\/jahrzehntelange-erfahrung-in-der-lackierung-von-bauteilen-und-halbfertigprodukten\/#breadcrumb\"},\"inLanguage\":\"de\",\"potentialAction\":[{\"@type\":\"ReadAction\",\"target\":[\"http:\/\/www.tpssrl.net\/de\/jahrzehntelange-erfahrung-in-der-lackierung-von-bauteilen-und-halbfertigprodukten\/\"]}]},{\"@type\":\"BreadcrumbList\",\"@id\":\"http:\/\/www.tpssrl.net\/de\/jahrzehntelange-erfahrung-in-der-lackierung-von-bauteilen-und-halbfertigprodukten\/#breadcrumb\",\"itemListElement\":[{\"@type\":\"ListItem\",\"position\":1,\"name\":\"Home\",\"item\":\"http:\/\/www.tpssrl.net\/de\/\"},{\"@type\":\"ListItem\",\"position\":2,\"name\":\"\u00dcber uns\"}]}]}<\/script>\n<!-- \/ Yoast SEO plugin. -->","yoast_head_json":{"title":"Lackierung von Bauteilen und Halbfertigprodukten | TPS","description":"TPS verf\u00fcgt \u00fcber eine jahrzehntelange Erfahrung in der Lackierung von Bauteilen und Halbfertigprodukten sowie in der Lieferung von Platten f\u00fcr die M\u00f6belindustrie.","robots":{"index":"index","follow":"follow","max-snippet":"max-snippet:-1","max-image-preview":"max-image-preview:large","max-video-preview":"max-video-preview:-1"},"canonical":"http:\/\/www.tpssrl.net\/de\/jahrzehntelange-erfahrung-in-der-lackierung-von-bauteilen-und-halbfertigprodukten\/","og_locale":"de_DE","og_type":"article","og_title":"Lackierung von Bauteilen und Halbfertigprodukten | TPS","og_description":"TPS verf\u00fcgt \u00fcber eine jahrzehntelange Erfahrung in der Lackierung von Bauteilen und Halbfertigprodukten sowie in der Lieferung von Platten f\u00fcr die M\u00f6belindustrie.","og_url":"http:\/\/www.tpssrl.net\/de\/jahrzehntelange-erfahrung-in-der-lackierung-von-bauteilen-und-halbfertigprodukten\/","og_site_name":"TPS","article_modified_time":"2024-11-14T10:17:58+00:00","og_image":[{"url":"http:\/\/www.tpssrl.net\/wp-content\/uploads\/2022\/09\/tps-iso9001.png"}],"twitter_card":"summary_large_image","twitter_misc":{"Gesch\u00e4tzte Lesezeit":"2\u00a0Minuten"},"schema":{"@context":"https:\/\/schema.org","@graph":[{"@type":"Organization","@id":"https:\/\/www.tpssrl.net\/#organization","name":"TPS s.r.l.","url":"https:\/\/www.tpssrl.net\/","sameAs":[],"logo":{"@type":"ImageObject","inLanguage":"de","@id":"https:\/\/www.tpssrl.net\/#\/schema\/logo\/image\/","url":"https:\/\/www.tpssrl.net\/wp-content\/uploads\/2019\/10\/tps-logo.png","contentUrl":"https:\/\/www.tpssrl.net\/wp-content\/uploads\/2019\/10\/tps-logo.png","width":500,"height":205,"caption":"TPS s.r.l."},"image":{"@id":"https:\/\/www.tpssrl.net\/#\/schema\/logo\/image\/"}},{"@type":"WebSite","@id":"https:\/\/www.tpssrl.net\/#website","url":"https:\/\/www.tpssrl.net\/","name":"TPS","description":"Techno painting system","publisher":{"@id":"https:\/\/www.tpssrl.net\/#organization"},"potentialAction":[{"@type":"SearchAction","target":{"@type":"EntryPoint","urlTemplate":"https:\/\/www.tpssrl.net\/?s={search_term_string}"},"query-input":"required name=search_term_string"}],"inLanguage":"de"},{"@type":"ImageObject","inLanguage":"de","@id":"http:\/\/www.tpssrl.net\/de\/jahrzehntelange-erfahrung-in-der-lackierung-von-bauteilen-und-halbfertigprodukten\/#primaryimage","url":"http:\/\/www.tpssrl.net\/wp-content\/uploads\/2022\/09\/tps-iso9001.png","contentUrl":"http:\/\/www.tpssrl.net\/wp-content\/uploads\/2022\/09\/tps-iso9001.png","width":100,"height":95},{"@type":"WebPage","@id":"http:\/\/www.tpssrl.net\/de\/jahrzehntelange-erfahrung-in-der-lackierung-von-bauteilen-und-halbfertigprodukten\/","url":"http:\/\/www.tpssrl.net\/de\/jahrzehntelange-erfahrung-in-der-lackierung-von-bauteilen-und-halbfertigprodukten\/","name":"Lackierung von Bauteilen und Halbfertigprodukten | TPS","isPartOf":{"@id":"https:\/\/www.tpssrl.net\/#website"},"primaryImageOfPage":{"@id":"http:\/\/www.tpssrl.net\/de\/jahrzehntelange-erfahrung-in-der-lackierung-von-bauteilen-und-halbfertigprodukten\/#primaryimage"},"datePublished":"2019-10-09T08:33:53+00:00","dateModified":"2024-11-14T10:17:58+00:00","description":"TPS verf\u00fcgt \u00fcber eine jahrzehntelange Erfahrung in der Lackierung von Bauteilen und Halbfertigprodukten sowie in der Lieferung von Platten f\u00fcr die M\u00f6belindustrie.","breadcrumb":{"@id":"http:\/\/www.tpssrl.net\/de\/jahrzehntelange-erfahrung-in-der-lackierung-von-bauteilen-und-halbfertigprodukten\/#breadcrumb"},"inLanguage":"de","potentialAction":[{"@type":"ReadAction","target":["http:\/\/www.tpssrl.net\/de\/jahrzehntelange-erfahrung-in-der-lackierung-von-bauteilen-und-halbfertigprodukten\/"]}]},{"@type":"BreadcrumbList","@id":"http:\/\/www.tpssrl.net\/de\/jahrzehntelange-erfahrung-in-der-lackierung-von-bauteilen-und-halbfertigprodukten\/#breadcrumb","itemListElement":[{"@type":"ListItem","position":1,"name":"Home","item":"http:\/\/www.tpssrl.net\/de\/"},{"@type":"ListItem","position":2,"name":"\u00dcber uns"}]}]}},"_links":{"self":[{"href":"http:\/\/www.tpssrl.net\/de\/wp-json\/wp\/v2\/pages\/491"}],"collection":[{"href":"http:\/\/www.tpssrl.net\/de\/wp-json\/wp\/v2\/pages"}],"about":[{"href":"http:\/\/www.tpssrl.net\/de\/wp-json\/wp\/v2\/types\/page"}],"author":[{"embeddable":true,"href":"http:\/\/www.tpssrl.net\/de\/wp-json\/wp\/v2\/users\/1"}],"replies":[{"embeddable":true,"href":"http:\/\/www.tpssrl.net\/de\/wp-json\/wp\/v2\/comments?post=491"}],"version-history":[{"count":7,"href":"http:\/\/www.tpssrl.net\/de\/wp-json\/wp\/v2\/pages\/491\/revisions"}],"predecessor-version":[{"id":4278,"href":"http:\/\/www.tpssrl.net\/de\/wp-json\/wp\/v2\/pages\/491\/revisions\/4278"}],"wp:attachment":[{"href":"http:\/\/www.tpssrl.net\/de\/wp-json\/wp\/v2\/media?parent=491"}],"curies":[{"name":"wp","href":"https:\/\/api.w.org\/{rel}","templated":true}]}}