{"id":497,"date":"2019-10-08T18:04:50","date_gmt":"2019-10-08T16:04:50","guid":{"rendered":"http:\/\/www.tpssrl.net\/tps\/informazioni-su-verniciatura-componenti-e-semilavorati-industria-del-mobile\/"},"modified":"2024-11-14T11:22:16","modified_gmt":"2024-11-14T10:22:16","slug":"informationen-zu-lackierkomponenten-und-moebelhalbfabrikaten","status":"publish","type":"page","link":"http:\/\/www.tpssrl.net\/de\/informationen-zu-lackierkomponenten-und-moebelhalbfabrikaten\/","title":{"rendered":"Kontakt"},"content":{"rendered":"<p>[vc_row type=&#8220;full_width&#8220;][vc_column][vc_column_text]<div class=\"wpgmp_map_container wpgmp-map-1\" rel=\"map1\"><div class=\"wpgmp_map_parent\"><div class=\"wpgmp_map \" style=\"width:100%; height:400px;\" id=\"map1\" ><\/div><\/div><\/div><script>jQuery(document).ready(function($) {var map1 = $(\"#map1\").maps({\"map_options\":{\"center_lat\":\"45.9413402\",\"center_lng\":\"12.8843038\",\"zoom\":9,\"map_type_id\":\"ROADMAP\",\"draggable\":true,\"scroll_wheel\":false,\"display_45_imagery\":\"\",\"marker_default_icon\":\"https:\\\/\\\/www.tpssrl.net\\\/wp-content\\\/uploads\\\/2019\\\/10\\\/marker.png\",\"infowindow_setting\":\"\",\"infowindow_bounce_animation\":\"\",\"infowindow_drop_animation\":false,\"close_infowindow_on_map_click\":false,\"default_infowindow_open\":false,\"infowindow_open_event\":\"click\",\"full_screen_control\":false,\"search_control\":true,\"zoom_control\":true,\"map_type_control\":false,\"street_view_control\":false,\"full_screen_control_position\":\"TOP_LEFT\",\"search_control_position\":\"TOP_LEFT\",\"zoom_control_position\":\"TOP_LEFT\",\"map_type_control_position\":\"TOP_LEFT\",\"map_type_control_style\":\"HORIZONTAL_BAR\",\"street_view_control_position\":\"TOP_LEFT\",\"map_control\":true,\"map_control_settings\":false,\"map_zoom_after_search\":6,\"width\":\"100%\",\"height\":\"400\"},\"places\":[{\"id\":\"1\",\"title\":\"Sede\",\"address\":\"Via Carnia, 8, 33078 Zona Industriale Ponte Rosso, San Vito al Tagliamento Province of Pordenone, Italy\",\"source\":\"manual\",\"content\":\"<strong>TPS S.r.l.<\\\/strong><br>\\r\\nVia Carnia 8 - Zona industriale Ponte Rosso<br>\\r\\n33078 San Vito al Tagliamento (PN) - Italy<br>\",\"location\":{\"icon\":\"https:\\\/\\\/www.tpssrl.net\\\/wp-content\\\/uploads\\\/2019\\\/10\\\/marker.png\",\"lat\":\"45.94134019999999\",\"lng\":\"12.884303799999998\",\"city\":\"San Vito al Tagliamento\",\"state\":\"Friuli-Venezia Giulia\",\"country\":\"Italy\",\"onclick_action\":\"marker\",\"redirect_custom_link\":\"\",\"marker_image\":\"\",\"open_new_tab\":\"yes\",\"postal_code\":\"33078\",\"draggable\":false,\"infowindow_default_open\":false,\"animation\":\"BOUNCE\",\"infowindow_disable\":true,\"zoom\":5,\"extra_fields\":\"\"},\"categories\":[],\"custom_filters\":\"\"}],\"styles\":\"\",\"listing\":\"\",\"map_property\":{\"map_id\":\"1\"}}).data(\"wpgmp_maps\");});<\/script>[\/vc_column_text][\/vc_column][\/vc_row][vc_row][vc_column][vc_empty_space height=&#8220;80&#8243;][vc_row_inner][vc_column_inner width=&#8220;5\/12&#8243;][vc_column_text]<strong>TPS S.r.l.<\/strong><br \/>\nVia Carnia 8 &#8211; Zona industriale Ponte Rosso<br \/>\n33078 San Vito al Tagliamento (PN) &#8211; Italy[\/vc_column_text][vc_empty_space height=&#8220;20&#8243;][vc_text_separator title=&#8220;+39 0434 85337&#8243; i_icon_fontawesome=&#8220;fa fa-phone&#8220; i_color=&#8220;white&#8220; title_align=&#8220;separator_align_left&#8220; align=&#8220;align_left&#8220; add_icon=&#8220;true&#8220; el_class=&#8220;tps-fake-separator&#8220;][vc_text_separator title=&#8220;+39 0434 85414&#8243; i_icon_fontawesome=&#8220;fa fa-fax&#8220; i_color=&#8220;white&#8220; title_align=&#8220;separator_align_left&#8220; align=&#8220;align_left&#8220; add_icon=&#8220;true&#8220; el_class=&#8220;tps-fake-separator&#8220;][vc_text_separator title=&#8220;info@tpssrl.net&#8220; i_icon_fontawesome=&#8220;fa fa-envelope-o&#8220; i_color=&#8220;white&#8220; title_align=&#8220;separator_align_left&#8220; align=&#8220;align_left&#8220; add_icon=&#8220;true&#8220; el_class=&#8220;tps-fake-separator&#8220;][vc_empty_space height=&#8220;20&#8243;][\/vc_column_inner][vc_column_inner width=&#8220;7\/12&#8243;]<div role=\"form\" class=\"wpcf7\" id=\"wpcf7-f496-o1\" lang=\"de-DE\" dir=\"ltr\">\n<div class=\"screen-reader-response\"><p role=\"status\" aria-live=\"polite\" aria-atomic=\"true\"><\/p> <ul><\/ul><\/div>\n<form action=\"\/de\/wp-json\/wp\/v2\/pages\/497#wpcf7-f496-o1\" method=\"post\" class=\"wpcf7-form init\" novalidate=\"novalidate\" data-status=\"init\">\n<div style=\"display: none;\">\n<input type=\"hidden\" name=\"_wpcf7\" value=\"496\" \/>\n<input type=\"hidden\" name=\"_wpcf7_version\" value=\"5.5.3\" \/>\n<input type=\"hidden\" name=\"_wpcf7_locale\" value=\"de_DE\" \/>\n<input type=\"hidden\" name=\"_wpcf7_unit_tag\" value=\"wpcf7-f496-o1\" \/>\n<input type=\"hidden\" name=\"_wpcf7_container_post\" value=\"0\" \/>\n<input type=\"hidden\" name=\"_wpcf7_posted_data_hash\" value=\"\" \/>\n<input type=\"hidden\" name=\"_wpcf7_recaptcha_response\" value=\"\" \/>\n<\/div>\n<div class=\"form-contatti\">\n<div class=\"row\">\n<div class=\"col-md-6\"><span class=\"wpcf7-form-control-wrap tps-nome\"><input type=\"text\" name=\"tps-nome\" value=\"\" size=\"40\" class=\"wpcf7-form-control wpcf7-text wpcf7-validates-as-required\" aria-required=\"true\" aria-invalid=\"false\" placeholder=\"Vorname *\" \/><\/span><\/div>\n<div class=\"col-md-6\"><span class=\"wpcf7-form-control-wrap tps-cognome\"><input type=\"text\" name=\"tps-cognome\" value=\"\" size=\"40\" class=\"wpcf7-form-control wpcf7-text wpcf7-validates-as-required\" aria-required=\"true\" aria-invalid=\"false\" placeholder=\"Nachname*\" \/><\/span><\/div>\n<\/div>\n<div class=\"row\">\n<div class=\"col-md-6\"><span class=\"wpcf7-form-control-wrap tps-telefono\"><input type=\"text\" name=\"tps-telefono\" value=\"\" size=\"40\" class=\"wpcf7-form-control wpcf7-text\" aria-invalid=\"false\" placeholder=\"Telefonnummer\" \/><\/span><\/div>\n<div class=\"col-md-6\"><span class=\"wpcf7-form-control-wrap tps-email\"><input type=\"email\" name=\"tps-email\" value=\"\" size=\"40\" class=\"wpcf7-form-control wpcf7-text wpcf7-email wpcf7-validates-as-required wpcf7-validates-as-email\" aria-required=\"true\" aria-invalid=\"false\" placeholder=\"E-mail *\" \/><\/span><\/div>\n<\/div>\n<div class=\"row\">\n<div class=\"col-md-12\"><span class=\"wpcf7-form-control-wrap tps-messaggio\"><textarea name=\"tps-messaggio\" cols=\"40\" rows=\"10\" class=\"wpcf7-form-control wpcf7-textarea wpcf7-validates-as-required\" aria-required=\"true\" aria-invalid=\"false\" placeholder=\"Was k\u00f6nnen wir f\u00fcr Sie tun?\"><\/textarea><\/span><\/div>\n<\/div>\n<div class=\"row\">\n<div class=\"col-md-12\"><span class=\"wpcf7-form-control-wrap tps-privacy\"><span class=\"wpcf7-form-control wpcf7-acceptance\"><span class=\"wpcf7-list-item\"><label><input type=\"checkbox\" name=\"tps-privacy\" value=\"1\" aria-invalid=\"false\" \/><span class=\"wpcf7-list-item-label\">Ich habe die Datenschutzbestimmungen unter <a href=\"\/de\/privacy-policy\/\" target=\"_blank\">diesem Link<\/a> gelesen und akzeptiere die dort angegebene Verarbeitung meiner personenbezogenen Daten.<\/span><\/label><\/span><\/span><\/span><\/div>\n<\/div>\n<div class=\"row\">\n<div class=\"col-md-12 tps-submit\"><input type=\"submit\" value=\"senden\" class=\"wpcf7-form-control has-spinner wpcf7-submit\" \/><\/div>\n<\/div>\n<\/div>\n<div class=\"wpcf7-response-output\" aria-hidden=\"true\"><\/div><\/form><\/div>[\/vc_column_inner][\/vc_row_inner][vc_empty_space height=&#8220;80&#8243;][\/vc_column][\/vc_row]<\/p>\n","protected":false},"excerpt":{"rendered":"<p>[vc_row type=&#8220;full_width&#8220;][vc_column][vc_column_text][\/vc_column_text][\/vc_column][\/vc_row][vc_row][vc_column][vc_empty_space height=&#8220;80&#8243;][vc_row_inner][vc_column_inner width=&#8220;5\/12&#8243;][vc_column_text]TPS S.r.l. Via Carnia 8 &#8211; Zona industriale Ponte Rosso 33078 San Vito al Tagliamento (PN) &#8211; Italy[\/vc_column_text][vc_empty_space height=&#8220;20&#8243;][vc_text_separator title=&#8220;+39 0434 85337&#8243; i_icon_fontawesome=&#8220;fa fa-phone&#8220; i_color=&#8220;white&#8220; title_align=&#8220;separator_align_left&#8220; align=&#8220;align_left&#8220; add_icon=&#8220;true&#8220; el_class=&#8220;tps-fake-separator&#8220;][vc_text_separator title=&#8220;+39 0434 85414&#8243; i_icon_fontawesome=&#8220;fa fa-fax&#8220; i_color=&#8220;white&#8220; title_align=&#8220;separator_align_left&#8220; align=&#8220;align_left&#8220; add_icon=&#8220;true&#8220; el_class=&#8220;tps-fake-separator&#8220;][vc_text_separator title=&#8220;info@tpssrl.net&#8220; i_icon_fontawesome=&#8220;fa fa-envelope-o&#8220; i_color=&#8220;white&#8220; title_align=&#8220;separator_align_left&#8220; align=&#8220;align_left&#8220; add_icon=&#8220;true&#8220; el_class=&#8220;tps-fake-separator&#8220;][vc_empty_space height=&#8220;20&#8243;][\/vc_column_inner][vc_column_inner width=&#8220;7\/12&#8243;][\/vc_column_inner][\/vc_row_inner][vc_empty_space height=&#8220;80&#8243;][\/vc_column][\/vc_row]<\/p>\n","protected":false},"author":1,"featured_media":0,"parent":0,"menu_order":0,"comment_status":"closed","ping_status":"closed","template":"","meta":[],"acf":[],"yoast_head":"<!-- This site is optimized with the Yoast SEO plugin v19.3 - https:\/\/yoast.com\/wordpress\/plugins\/seo\/ -->\n<title>Kontaktieren Sie uns f\u00fcr Informationen | TPS<\/title>\n<meta name=\"description\" content=\"Kontaktieren Sie uns f\u00fcr Informationen zum Lackieren von Bauteilen und Halbzeugen sowie zur Lieferung von Platten f\u00fcr die M\u00f6belindustrie.\" \/>\n<meta name=\"robots\" content=\"index, follow, max-snippet:-1, max-image-preview:large, max-video-preview:-1\" \/>\n<link rel=\"canonical\" href=\"https:\/\/www.tpssrl.net\/de\/informationen-zu-lackierkomponenten-und-moebelhalbfabrikaten\/\" \/>\n<meta property=\"og:locale\" content=\"de_DE\" \/>\n<meta property=\"og:type\" content=\"article\" \/>\n<meta property=\"og:title\" content=\"Kontaktieren Sie uns f\u00fcr Informationen | TPS\" \/>\n<meta property=\"og:description\" content=\"Kontaktieren Sie uns f\u00fcr Informationen zum Lackieren von Bauteilen und Halbzeugen sowie zur Lieferung von Platten f\u00fcr die M\u00f6belindustrie.\" \/>\n<meta property=\"og:url\" content=\"https:\/\/www.tpssrl.net\/de\/informationen-zu-lackierkomponenten-und-moebelhalbfabrikaten\/\" \/>\n<meta property=\"og:site_name\" content=\"TPS\" \/>\n<meta property=\"article:modified_time\" content=\"2024-11-14T10:22:16+00:00\" \/>\n<meta name=\"twitter:card\" content=\"summary_large_image\" \/>\n<meta name=\"twitter:label1\" content=\"Gesch\u00e4tzte Lesezeit\" \/>\n\t<meta name=\"twitter:data1\" content=\"1\u00a0Minute\" \/>\n<script type=\"application\/ld+json\" class=\"yoast-schema-graph\">{\"@context\":\"https:\/\/schema.org\",\"@graph\":[{\"@type\":\"Organization\",\"@id\":\"https:\/\/www.tpssrl.net\/de\/#organization\",\"name\":\"TPS s.r.l.\",\"url\":\"https:\/\/www.tpssrl.net\/de\/\",\"sameAs\":[],\"logo\":{\"@type\":\"ImageObject\",\"inLanguage\":\"de\",\"@id\":\"https:\/\/www.tpssrl.net\/de\/#\/schema\/logo\/image\/\",\"url\":\"https:\/\/www.tpssrl.net\/wp-content\/uploads\/2019\/10\/tps-logo.png\",\"contentUrl\":\"https:\/\/www.tpssrl.net\/wp-content\/uploads\/2019\/10\/tps-logo.png\",\"width\":500,\"height\":205,\"caption\":\"TPS s.r.l.\"},\"image\":{\"@id\":\"https:\/\/www.tpssrl.net\/de\/#\/schema\/logo\/image\/\"}},{\"@type\":\"WebSite\",\"@id\":\"https:\/\/www.tpssrl.net\/de\/#website\",\"url\":\"https:\/\/www.tpssrl.net\/de\/\",\"name\":\"TPS\",\"description\":\"Techno painting system\",\"publisher\":{\"@id\":\"https:\/\/www.tpssrl.net\/de\/#organization\"},\"potentialAction\":[{\"@type\":\"SearchAction\",\"target\":{\"@type\":\"EntryPoint\",\"urlTemplate\":\"https:\/\/www.tpssrl.net\/de\/?s={search_term_string}\"},\"query-input\":\"required name=search_term_string\"}],\"inLanguage\":\"de\"},{\"@type\":\"WebPage\",\"@id\":\"https:\/\/www.tpssrl.net\/de\/informationen-zu-lackierkomponenten-und-moebelhalbfabrikaten\/\",\"url\":\"https:\/\/www.tpssrl.net\/de\/informationen-zu-lackierkomponenten-und-moebelhalbfabrikaten\/\",\"name\":\"Kontaktieren Sie uns f\u00fcr Informationen | TPS\",\"isPartOf\":{\"@id\":\"https:\/\/www.tpssrl.net\/de\/#website\"},\"datePublished\":\"2019-10-08T16:04:50+00:00\",\"dateModified\":\"2024-11-14T10:22:16+00:00\",\"description\":\"Kontaktieren Sie uns f\u00fcr Informationen zum Lackieren von Bauteilen und Halbzeugen sowie zur Lieferung von Platten f\u00fcr die M\u00f6belindustrie.\",\"breadcrumb\":{\"@id\":\"https:\/\/www.tpssrl.net\/de\/informationen-zu-lackierkomponenten-und-moebelhalbfabrikaten\/#breadcrumb\"},\"inLanguage\":\"de\",\"potentialAction\":[{\"@type\":\"ReadAction\",\"target\":[\"https:\/\/www.tpssrl.net\/de\/informationen-zu-lackierkomponenten-und-moebelhalbfabrikaten\/\"]}]},{\"@type\":\"BreadcrumbList\",\"@id\":\"https:\/\/www.tpssrl.net\/de\/informationen-zu-lackierkomponenten-und-moebelhalbfabrikaten\/#breadcrumb\",\"itemListElement\":[{\"@type\":\"ListItem\",\"position\":1,\"name\":\"Home\",\"item\":\"https:\/\/www.tpssrl.net\/de\/\"},{\"@type\":\"ListItem\",\"position\":2,\"name\":\"Kontakt\"}]}]}<\/script>\n<!-- \/ Yoast SEO plugin. -->","yoast_head_json":{"title":"Kontaktieren Sie uns f\u00fcr Informationen | TPS","description":"Kontaktieren Sie uns f\u00fcr Informationen zum Lackieren von Bauteilen und Halbzeugen sowie zur Lieferung von Platten f\u00fcr die M\u00f6belindustrie.","robots":{"index":"index","follow":"follow","max-snippet":"max-snippet:-1","max-image-preview":"max-image-preview:large","max-video-preview":"max-video-preview:-1"},"canonical":"https:\/\/www.tpssrl.net\/de\/informationen-zu-lackierkomponenten-und-moebelhalbfabrikaten\/","og_locale":"de_DE","og_type":"article","og_title":"Kontaktieren Sie uns f\u00fcr Informationen | TPS","og_description":"Kontaktieren Sie uns f\u00fcr Informationen zum Lackieren von Bauteilen und Halbzeugen sowie zur Lieferung von Platten f\u00fcr die M\u00f6belindustrie.","og_url":"https:\/\/www.tpssrl.net\/de\/informationen-zu-lackierkomponenten-und-moebelhalbfabrikaten\/","og_site_name":"TPS","article_modified_time":"2024-11-14T10:22:16+00:00","twitter_card":"summary_large_image","twitter_misc":{"Gesch\u00e4tzte Lesezeit":"1\u00a0Minute"},"schema":{"@context":"https:\/\/schema.org","@graph":[{"@type":"Organization","@id":"https:\/\/www.tpssrl.net\/de\/#organization","name":"TPS s.r.l.","url":"https:\/\/www.tpssrl.net\/de\/","sameAs":[],"logo":{"@type":"ImageObject","inLanguage":"de","@id":"https:\/\/www.tpssrl.net\/de\/#\/schema\/logo\/image\/","url":"https:\/\/www.tpssrl.net\/wp-content\/uploads\/2019\/10\/tps-logo.png","contentUrl":"https:\/\/www.tpssrl.net\/wp-content\/uploads\/2019\/10\/tps-logo.png","width":500,"height":205,"caption":"TPS s.r.l."},"image":{"@id":"https:\/\/www.tpssrl.net\/de\/#\/schema\/logo\/image\/"}},{"@type":"WebSite","@id":"https:\/\/www.tpssrl.net\/de\/#website","url":"https:\/\/www.tpssrl.net\/de\/","name":"TPS","description":"Techno painting system","publisher":{"@id":"https:\/\/www.tpssrl.net\/de\/#organization"},"potentialAction":[{"@type":"SearchAction","target":{"@type":"EntryPoint","urlTemplate":"https:\/\/www.tpssrl.net\/de\/?s={search_term_string}"},"query-input":"required name=search_term_string"}],"inLanguage":"de"},{"@type":"WebPage","@id":"https:\/\/www.tpssrl.net\/de\/informationen-zu-lackierkomponenten-und-moebelhalbfabrikaten\/","url":"https:\/\/www.tpssrl.net\/de\/informationen-zu-lackierkomponenten-und-moebelhalbfabrikaten\/","name":"Kontaktieren Sie uns f\u00fcr Informationen | TPS","isPartOf":{"@id":"https:\/\/www.tpssrl.net\/de\/#website"},"datePublished":"2019-10-08T16:04:50+00:00","dateModified":"2024-11-14T10:22:16+00:00","description":"Kontaktieren Sie uns f\u00fcr Informationen zum Lackieren von Bauteilen und Halbzeugen sowie zur Lieferung von Platten f\u00fcr die M\u00f6belindustrie.","breadcrumb":{"@id":"https:\/\/www.tpssrl.net\/de\/informationen-zu-lackierkomponenten-und-moebelhalbfabrikaten\/#breadcrumb"},"inLanguage":"de","potentialAction":[{"@type":"ReadAction","target":["https:\/\/www.tpssrl.net\/de\/informationen-zu-lackierkomponenten-und-moebelhalbfabrikaten\/"]}]},{"@type":"BreadcrumbList","@id":"https:\/\/www.tpssrl.net\/de\/informationen-zu-lackierkomponenten-und-moebelhalbfabrikaten\/#breadcrumb","itemListElement":[{"@type":"ListItem","position":1,"name":"Home","item":"https:\/\/www.tpssrl.net\/de\/"},{"@type":"ListItem","position":2,"name":"Kontakt"}]}]}},"_links":{"self":[{"href":"http:\/\/www.tpssrl.net\/de\/wp-json\/wp\/v2\/pages\/497"}],"collection":[{"href":"http:\/\/www.tpssrl.net\/de\/wp-json\/wp\/v2\/pages"}],"about":[{"href":"http:\/\/www.tpssrl.net\/de\/wp-json\/wp\/v2\/types\/page"}],"author":[{"embeddable":true,"href":"http:\/\/www.tpssrl.net\/de\/wp-json\/wp\/v2\/users\/1"}],"replies":[{"embeddable":true,"href":"http:\/\/www.tpssrl.net\/de\/wp-json\/wp\/v2\/comments?post=497"}],"version-history":[{"count":3,"href":"http:\/\/www.tpssrl.net\/de\/wp-json\/wp\/v2\/pages\/497\/revisions"}],"predecessor-version":[{"id":559,"href":"http:\/\/www.tpssrl.net\/de\/wp-json\/wp\/v2\/pages\/497\/revisions\/559"}],"wp:attachment":[{"href":"http:\/\/www.tpssrl.net\/de\/wp-json\/wp\/v2\/media?parent=497"}],"curies":[{"name":"wp","href":"https:\/\/api.w.org\/{rel}","templated":true}]}}