{"id":508,"date":"2019-10-10T09:12:49","date_gmt":"2019-10-10T07:12:49","guid":{"rendered":"http:\/\/www.tpssrl.net\/tps\/laccature-di-alta-qualita-per-industria-del-mobile\/"},"modified":"2024-02-19T16:34:14","modified_gmt":"2024-02-19T15:34:14","slug":"eine-mit-modernsten-systemen-gepruefte-qualitaet","status":"publish","type":"page","link":"http:\/\/www.tpssrl.net\/de\/eine-mit-modernsten-systemen-gepruefte-qualitaet\/","title":{"rendered":"Qualit\u00e4t"},"content":{"rendered":"<p>[vc_row type=&#8220;full_width&#8220; css=&#8220;.vc_custom_1570716431109{background-image: url(https:\/\/www.tpssrl.net\/wp-content\/uploads\/2019\/10\/tps-bg-qualita.jpg?id=274) !important;background-position: center !important;background-repeat: no-repeat !important;background-size: cover !important;}&#8220; el_id=&#8220;tps-page-qualit\u00e0-row-bg&#8220;][vc_column][rev_slider_vc alias=&#8220;qualita-deu&#8220;][vc_row_inner el_class=&#8220;tps-col-max-width&#8220; css=&#8220;.vc_custom_1570724012033{padding-top: 20px !important;}&#8220;][vc_column_inner width=&#8220;7\/12&#8243;][vc_column_text el_class=&#8220;tps-padding-l-130&#8243;]<em>Die Qualit\u00e4t der Lackierungen IXTEX MATT, IXTEX WOOD und ILUX entspricht den \u00e4sthetischen und leistungsbezogenen Standards jener M\u00f6belhersteller, die sich mit ihren Produkten an die M\u00e4rkte des hohen und mittleren Preissegments wenden.<\/em>[\/vc_column_text][vc_empty_space height=&#8220;20&#8243;][\/vc_column_inner][vc_column_inner width=&#8220;5\/12&#8243; css=&#8220;.vc_custom_1570724003690{margin-top: -20px !important;}&#8220;][vc_single_image image=&#8220;268&#8243; img_size=&#8220;full&#8220; css_animation=&#8220;fadeInRightBig&#8220;][vc_empty_space height=&#8220;20&#8243;][\/vc_column_inner][\/vc_row_inner][vc_row_inner el_class=&#8220;tps-col-max-width tps-qualita-row&#8220;][vc_column_inner width=&#8220;1\/2&#8243;][vc_column_text el_class=&#8220;tps-padding-l-130&#8243;]<em>Dies wird auch durch das Bestehen strenge Tests und Kontrollen nachgewiesen, die mit den weltweit genauesten optischen Inspektionssystemen Baumer durchgef\u00fchrt werden.<\/em>[\/vc_column_text][vc_empty_space height=&#8220;40&#8243;][vc_column_text el_class=&#8220;tps-padding-l-100&#8243;]<a class=\"tps-btn-discover\" href=\"https:\/\/www.tpssrl.net\/de\/matte-lackierung-ixtex-matt\/\">IXTEX MATT<\/a><br \/>\n<a class=\"tps-btn-discover\" href=\"https:\/\/www.tpssrl.net\/de\/transparente-matte-lackierung-auf-holz-ixtex-wood\/\">IXTEX WOOD<\/a><br \/>\n<a class=\"tps-btn-discover\" href=\"https:\/\/www.tpssrl.net\/de\/hochglanzlackierung-ilux\/\">ILUX<\/a>[\/vc_column_text][vc_empty_space height=&#8220;20&#8243; el_class=&#8220;tps-padding-l-20&#8243;][\/vc_column_inner][vc_column_inner width=&#8220;5\/12&#8243; offset=&#8220;vc_hidden-xs&#8220; css=&#8220;.vc_custom_1570723862089{margin-left: -20px !important;}&#8220;][vc_empty_space height=&#8220;40&#8243;][vc_single_image image=&#8220;271&#8243; img_size=&#8220;full&#8220; css_animation=&#8220;fadeInRightBig&#8220; el_class=&#8220;tps-padding-l-30&#8243;][\/vc_column_inner][vc_column_inner width=&#8220;5\/12&#8243; offset=&#8220;vc_hidden-lg vc_hidden-md vc_hidden-sm&#8220;][vc_empty_space height=&#8220;20&#8243;][vc_single_image image=&#8220;271&#8243; img_size=&#8220;full&#8220; css_animation=&#8220;fadeInRightBig&#8220; el_class=&#8220;tps-padding-l-30&#8243;][\/vc_column_inner][\/vc_row_inner][vc_empty_space height=&#8220;80&#8243;][\/vc_column][\/vc_row][vc_row css=&#8220;.vc_custom_1570531017304{background-color: #c1c0b6 !important;}&#8220;][vc_column css=&#8220;.vc_custom_1570532090010{padding-top: 50px !important;padding-bottom: 50px !important;}&#8220;][vc_row_inner][vc_column_inner width=&#8220;1\/2&#8243; offset=&#8220;vc_col-lg-offset-1 vc_col-lg-4 vc_col-md-offset-0&#8243;][vc_column_text]<\/p>\n<p class=\"tps-form-generic\"><span style=\"text-decoration: none;\">KONTAKTIERE UNS<\/span><br \/>\nF\u00dcR MEHR INFORMATIONEN<\/p>\n<p>[\/vc_column_text][\/vc_column_inner][vc_column_inner width=&#8220;1\/2&#8243;]<div role=\"form\" class=\"wpcf7\" id=\"wpcf7-f494-o1\" lang=\"de-DE\" dir=\"ltr\">\n<div class=\"screen-reader-response\"><p role=\"status\" aria-live=\"polite\" aria-atomic=\"true\"><\/p> <ul><\/ul><\/div>\n<form action=\"\/de\/wp-json\/wp\/v2\/pages\/508#wpcf7-f494-o1\" method=\"post\" class=\"wpcf7-form init\" novalidate=\"novalidate\" data-status=\"init\">\n<div style=\"display: none;\">\n<input type=\"hidden\" name=\"_wpcf7\" value=\"494\" \/>\n<input type=\"hidden\" name=\"_wpcf7_version\" value=\"5.5.3\" \/>\n<input type=\"hidden\" name=\"_wpcf7_locale\" value=\"de_DE\" \/>\n<input type=\"hidden\" name=\"_wpcf7_unit_tag\" value=\"wpcf7-f494-o1\" \/>\n<input type=\"hidden\" name=\"_wpcf7_container_post\" value=\"0\" \/>\n<input type=\"hidden\" name=\"_wpcf7_posted_data_hash\" value=\"\" \/>\n<input type=\"hidden\" name=\"_wpcf7_recaptcha_response\" value=\"\" \/>\n<\/div>\n<div class=\"form-hp\">\n<div class=\"row\">\n<div class=\"col-md-6\">\n<div class=\"row\">\n<div class=\"col-md-12\">\n<span class=\"wpcf7-form-control-wrap tps-nome\"><input type=\"text\" name=\"tps-nome\" value=\"\" size=\"40\" class=\"wpcf7-form-control wpcf7-text wpcf7-validates-as-required\" aria-required=\"true\" aria-invalid=\"false\" placeholder=\"Vorname und Nachname\" \/><\/span>\n<\/div>\n<\/div>\n<div class=\"row\">\n<div class=\"col-md-12\">\n<span class=\"wpcf7-form-control-wrap tps-contatto\"><input type=\"text\" name=\"tps-contatto\" value=\"\" size=\"40\" class=\"wpcf7-form-control wpcf7-text wpcf7-validates-as-required\" aria-required=\"true\" aria-invalid=\"false\" placeholder=\"E-Mail oder Telefon\" \/><\/span>\n<\/div>\n<\/div>\n<\/div>\n<div class=\"col-md-6\">\n<span class=\"wpcf7-form-control-wrap tps-messaggio\"><textarea name=\"tps-messaggio\" cols=\"40\" rows=\"10\" class=\"wpcf7-form-control wpcf7-textarea wpcf7-validates-as-required\" aria-required=\"true\" aria-invalid=\"false\" placeholder=\"Was k\u00f6nnen wir f\u00fcr Sie tun?\"><\/textarea><\/span>\n<\/div>\n<\/div>\n<div class=\"row\">\n<div class=\"col-md-6\"><span class=\"wpcf7-form-control-wrap tps-privacy\"><span class=\"wpcf7-form-control wpcf7-acceptance\"><span class=\"wpcf7-list-item\"><label><input type=\"checkbox\" name=\"tps-privacy\" value=\"1\" aria-invalid=\"false\" \/><span class=\"wpcf7-list-item-label\">Ich habe die Datenschutzbestimmungen unter <a href=\"\/de\/privacy-policy\/\" target=\"_blank\">diesem Link<\/a> gelesen und akzeptiere die dort angegebene Verarbeitung meiner personenbezogenen Daten.<\/span><\/label><\/span><\/span><\/span>\n<\/div>\n<div class=\"col-md-6 tps-submit\"><input type=\"submit\" value=\"senden\" class=\"wpcf7-form-control has-spinner wpcf7-submit\" \/>\n<\/div>\n<\/div>\n<\/div>\n<div class=\"wpcf7-response-output\" aria-hidden=\"true\"><\/div><\/form><\/div>[\/vc_column_inner][\/vc_row_inner][\/vc_column][\/vc_row]<\/p>\n","protected":false},"excerpt":{"rendered":"<p>[vc_row type=&#8220;full_width&#8220; css=&#8220;.vc_custom_1570716431109{background-image: url(https:\/\/www.tpssrl.net\/wp-content\/uploads\/2019\/10\/tps-bg-qualita.jpg?id=274) !important;background-position: center !important;background-repeat: no-repeat !important;background-size: cover !important;}&#8220; el_id=&#8220;tps-page-qualit\u00e0-row-bg&#8220;][vc_column][rev_slider_vc alias=&#8220;qualita-deu&#8220;][vc_row_inner el_class=&#8220;tps-col-max-width&#8220; css=&#8220;.vc_custom_1570724012033{padding-top: 20px !important;}&#8220;][vc_column_inner width=&#8220;7\/12&#8243;][vc_column_text el_class=&#8220;tps-padding-l-130&#8243;]Die Qualit\u00e4t der Lackierungen IXTEX MATT, IXTEX WOOD und ILUX entspricht den \u00e4sthetischen und leistungsbezogenen Standards jener M\u00f6belhersteller, die sich mit ihren Produkten an die M\u00e4rkte des hohen und mittleren Preissegments wenden.[\/vc_column_text][vc_empty_space height=&#8220;20&#8243;][\/vc_column_inner][vc_column_inner width=&#8220;5\/12&#8243; css=&#8220;.vc_custom_1570724003690{margin-top: -20px !important;}&#8220;][vc_single_image [&hellip;]<\/p>\n","protected":false},"author":1,"featured_media":0,"parent":0,"menu_order":0,"comment_status":"closed","ping_status":"closed","template":"","meta":[],"acf":[],"yoast_head":"<!-- This site is optimized with the Yoast SEO plugin v19.3 - https:\/\/yoast.com\/wordpress\/plugins\/seo\/ -->\n<title>Hochwertige Lackierung f\u00fcr die M\u00f6belindustrie | TPS<\/title>\n<meta name=\"description\" content=\"Die Qualit\u00e4t der Lackierungen IXTEX MATT, IXTEX WOOD und ILUX entspricht den \u00e4sthetischen und leistungsbezogenen Standards jener M\u00f6belhersteller\" \/>\n<meta name=\"robots\" content=\"index, follow, max-snippet:-1, max-image-preview:large, max-video-preview:-1\" \/>\n<link rel=\"canonical\" href=\"https:\/\/www.tpssrl.net\/de\/eine-mit-modernsten-systemen-gepruefte-qualitaet\/\" \/>\n<meta property=\"og:locale\" content=\"de_DE\" \/>\n<meta property=\"og:type\" content=\"article\" \/>\n<meta property=\"og:title\" content=\"Hochwertige Lackierung f\u00fcr die M\u00f6belindustrie | TPS\" \/>\n<meta property=\"og:description\" content=\"Die Qualit\u00e4t der Lackierungen IXTEX MATT, IXTEX WOOD und ILUX entspricht den \u00e4sthetischen und leistungsbezogenen Standards jener M\u00f6belhersteller\" \/>\n<meta property=\"og:url\" content=\"https:\/\/www.tpssrl.net\/de\/eine-mit-modernsten-systemen-gepruefte-qualitaet\/\" \/>\n<meta property=\"og:site_name\" content=\"TPS\" \/>\n<meta property=\"article:modified_time\" content=\"2024-02-19T15:34:14+00:00\" \/>\n<meta name=\"twitter:card\" content=\"summary_large_image\" \/>\n<meta name=\"twitter:label1\" content=\"Gesch\u00e4tzte Lesezeit\" \/>\n\t<meta name=\"twitter:data1\" content=\"1\u00a0Minute\" \/>\n<script type=\"application\/ld+json\" class=\"yoast-schema-graph\">{\"@context\":\"https:\/\/schema.org\",\"@graph\":[{\"@type\":\"Organization\",\"@id\":\"https:\/\/www.tpssrl.net\/de\/#organization\",\"name\":\"TPS s.r.l.\",\"url\":\"https:\/\/www.tpssrl.net\/de\/\",\"sameAs\":[],\"logo\":{\"@type\":\"ImageObject\",\"inLanguage\":\"de\",\"@id\":\"https:\/\/www.tpssrl.net\/de\/#\/schema\/logo\/image\/\",\"url\":\"https:\/\/www.tpssrl.net\/wp-content\/uploads\/2019\/10\/tps-logo.png\",\"contentUrl\":\"https:\/\/www.tpssrl.net\/wp-content\/uploads\/2019\/10\/tps-logo.png\",\"width\":500,\"height\":205,\"caption\":\"TPS s.r.l.\"},\"image\":{\"@id\":\"https:\/\/www.tpssrl.net\/de\/#\/schema\/logo\/image\/\"}},{\"@type\":\"WebSite\",\"@id\":\"https:\/\/www.tpssrl.net\/de\/#website\",\"url\":\"https:\/\/www.tpssrl.net\/de\/\",\"name\":\"TPS\",\"description\":\"Techno painting system\",\"publisher\":{\"@id\":\"https:\/\/www.tpssrl.net\/de\/#organization\"},\"potentialAction\":[{\"@type\":\"SearchAction\",\"target\":{\"@type\":\"EntryPoint\",\"urlTemplate\":\"https:\/\/www.tpssrl.net\/de\/?s={search_term_string}\"},\"query-input\":\"required name=search_term_string\"}],\"inLanguage\":\"de\"},{\"@type\":\"WebPage\",\"@id\":\"http:\/\/www.tpssrl.net\/de\/eine-mit-modernsten-systemen-gepruefte-qualitaet\/\",\"url\":\"https:\/\/www.tpssrl.net\/de\/eine-mit-modernsten-systemen-gepruefte-qualitaet\/\",\"name\":\"Hochwertige Lackierung f\u00fcr die M\u00f6belindustrie | TPS\",\"isPartOf\":{\"@id\":\"https:\/\/www.tpssrl.net\/de\/#website\"},\"datePublished\":\"2019-10-10T07:12:49+00:00\",\"dateModified\":\"2024-02-19T15:34:14+00:00\",\"description\":\"Die Qualit\u00e4t der Lackierungen IXTEX MATT, IXTEX WOOD und ILUX entspricht den \u00e4sthetischen und leistungsbezogenen Standards jener M\u00f6belhersteller\",\"breadcrumb\":{\"@id\":\"https:\/\/www.tpssrl.net\/de\/eine-mit-modernsten-systemen-gepruefte-qualitaet\/#breadcrumb\"},\"inLanguage\":\"de\",\"potentialAction\":[{\"@type\":\"ReadAction\",\"target\":[\"https:\/\/www.tpssrl.net\/de\/eine-mit-modernsten-systemen-gepruefte-qualitaet\/\"]}]},{\"@type\":\"BreadcrumbList\",\"@id\":\"https:\/\/www.tpssrl.net\/de\/eine-mit-modernsten-systemen-gepruefte-qualitaet\/#breadcrumb\",\"itemListElement\":[{\"@type\":\"ListItem\",\"position\":1,\"name\":\"Home\",\"item\":\"https:\/\/www.tpssrl.net\/de\/\"},{\"@type\":\"ListItem\",\"position\":2,\"name\":\"Qualit\u00e4t\"}]}]}<\/script>\n<!-- \/ Yoast SEO plugin. -->","yoast_head_json":{"title":"Hochwertige Lackierung f\u00fcr die M\u00f6belindustrie | TPS","description":"Die Qualit\u00e4t der Lackierungen IXTEX MATT, IXTEX WOOD und ILUX entspricht den \u00e4sthetischen und leistungsbezogenen Standards jener M\u00f6belhersteller","robots":{"index":"index","follow":"follow","max-snippet":"max-snippet:-1","max-image-preview":"max-image-preview:large","max-video-preview":"max-video-preview:-1"},"canonical":"https:\/\/www.tpssrl.net\/de\/eine-mit-modernsten-systemen-gepruefte-qualitaet\/","og_locale":"de_DE","og_type":"article","og_title":"Hochwertige Lackierung f\u00fcr die M\u00f6belindustrie | TPS","og_description":"Die Qualit\u00e4t der Lackierungen IXTEX MATT, IXTEX WOOD und ILUX entspricht den \u00e4sthetischen und leistungsbezogenen Standards jener M\u00f6belhersteller","og_url":"https:\/\/www.tpssrl.net\/de\/eine-mit-modernsten-systemen-gepruefte-qualitaet\/","og_site_name":"TPS","article_modified_time":"2024-02-19T15:34:14+00:00","twitter_card":"summary_large_image","twitter_misc":{"Gesch\u00e4tzte Lesezeit":"1\u00a0Minute"},"schema":{"@context":"https:\/\/schema.org","@graph":[{"@type":"Organization","@id":"https:\/\/www.tpssrl.net\/de\/#organization","name":"TPS s.r.l.","url":"https:\/\/www.tpssrl.net\/de\/","sameAs":[],"logo":{"@type":"ImageObject","inLanguage":"de","@id":"https:\/\/www.tpssrl.net\/de\/#\/schema\/logo\/image\/","url":"https:\/\/www.tpssrl.net\/wp-content\/uploads\/2019\/10\/tps-logo.png","contentUrl":"https:\/\/www.tpssrl.net\/wp-content\/uploads\/2019\/10\/tps-logo.png","width":500,"height":205,"caption":"TPS s.r.l."},"image":{"@id":"https:\/\/www.tpssrl.net\/de\/#\/schema\/logo\/image\/"}},{"@type":"WebSite","@id":"https:\/\/www.tpssrl.net\/de\/#website","url":"https:\/\/www.tpssrl.net\/de\/","name":"TPS","description":"Techno painting system","publisher":{"@id":"https:\/\/www.tpssrl.net\/de\/#organization"},"potentialAction":[{"@type":"SearchAction","target":{"@type":"EntryPoint","urlTemplate":"https:\/\/www.tpssrl.net\/de\/?s={search_term_string}"},"query-input":"required name=search_term_string"}],"inLanguage":"de"},{"@type":"WebPage","@id":"http:\/\/www.tpssrl.net\/de\/eine-mit-modernsten-systemen-gepruefte-qualitaet\/","url":"https:\/\/www.tpssrl.net\/de\/eine-mit-modernsten-systemen-gepruefte-qualitaet\/","name":"Hochwertige Lackierung f\u00fcr die M\u00f6belindustrie | TPS","isPartOf":{"@id":"https:\/\/www.tpssrl.net\/de\/#website"},"datePublished":"2019-10-10T07:12:49+00:00","dateModified":"2024-02-19T15:34:14+00:00","description":"Die Qualit\u00e4t der Lackierungen IXTEX MATT, IXTEX WOOD und ILUX entspricht den \u00e4sthetischen und leistungsbezogenen Standards jener M\u00f6belhersteller","breadcrumb":{"@id":"https:\/\/www.tpssrl.net\/de\/eine-mit-modernsten-systemen-gepruefte-qualitaet\/#breadcrumb"},"inLanguage":"de","potentialAction":[{"@type":"ReadAction","target":["https:\/\/www.tpssrl.net\/de\/eine-mit-modernsten-systemen-gepruefte-qualitaet\/"]}]},{"@type":"BreadcrumbList","@id":"https:\/\/www.tpssrl.net\/de\/eine-mit-modernsten-systemen-gepruefte-qualitaet\/#breadcrumb","itemListElement":[{"@type":"ListItem","position":1,"name":"Home","item":"https:\/\/www.tpssrl.net\/de\/"},{"@type":"ListItem","position":2,"name":"Qualit\u00e4t"}]}]}},"_links":{"self":[{"href":"http:\/\/www.tpssrl.net\/de\/wp-json\/wp\/v2\/pages\/508"}],"collection":[{"href":"http:\/\/www.tpssrl.net\/de\/wp-json\/wp\/v2\/pages"}],"about":[{"href":"http:\/\/www.tpssrl.net\/de\/wp-json\/wp\/v2\/types\/page"}],"author":[{"embeddable":true,"href":"http:\/\/www.tpssrl.net\/de\/wp-json\/wp\/v2\/users\/1"}],"replies":[{"embeddable":true,"href":"http:\/\/www.tpssrl.net\/de\/wp-json\/wp\/v2\/comments?post=508"}],"version-history":[{"count":4,"href":"http:\/\/www.tpssrl.net\/de\/wp-json\/wp\/v2\/pages\/508\/revisions"}],"predecessor-version":[{"id":1563,"href":"http:\/\/www.tpssrl.net\/de\/wp-json\/wp\/v2\/pages\/508\/revisions\/1563"}],"wp:attachment":[{"href":"http:\/\/www.tpssrl.net\/de\/wp-json\/wp\/v2\/media?parent=508"}],"curies":[{"name":"wp","href":"https:\/\/api.w.org\/{rel}","templated":true}]}}