{"id":511,"date":"2019-10-10T11:13:32","date_gmt":"2019-10-10T09:13:32","guid":{"rendered":"http:\/\/www.tpssrl.net\/tps\/ampia-e-costante-disponibilita-just-in-time-di-pannelli-laccati\/"},"modified":"2024-11-14T11:23:39","modified_gmt":"2024-11-14T10:23:39","slug":"umfangreiche-und-konstante-just-in-time-lieferbereitschaft-von-lackierten-paneelen","status":"publish","type":"page","link":"http:\/\/www.tpssrl.net\/de\/umfangreiche-und-konstante-just-in-time-lieferbereitschaft-von-lackierten-paneelen\/","title":{"rendered":"Dienstleistungen"},"content":{"rendered":"<p>[vc_row type=&#8220;full_width&#8220; css=&#8220;.vc_custom_1570716400445{background-image: url(https:\/\/www.tpssrl.net\/wp-content\/uploads\/2019\/10\/tps-bg-servizi.jpg?id=294) !important;background-position: center !important;background-repeat: no-repeat !important;background-size: cover !important;}&#8220; el_id=&#8220;tps-page-servizi-row-bg&#8220;][vc_column][rev_slider_vc alias=&#8220;servizi-deu&#8220;][vc_row_inner el_class=&#8220;tps-col-max-width&#8220;][vc_column_inner width=&#8220;6\/12&#8243;][\/vc_column_inner][vc_column_inner width=&#8220;6\/12&#8243;][vc_column_text]<em>Die umfangreiche und konstante Verfu\u0308gbarkeit von lackierten Platten IXTEX MATT in 14 Standardfarben, von lackierten Platten ILUX in 8 Standardfarben und von Platten IXTEX WOOD in 3 Varianten gibt dem Unternehmen TPS die M\u00f6glichkeit, jederzeit Just-intime- Auftr\u00e4ge zu erfu\u0308llen. Ausgangspunkt ist ein aufnahmef\u00e4higes Lager, das nach modernen Kriterien ausgestattet ist und hohe Produktionskapazit\u00e4t, Flexibilit\u00e4t und eine fortschrittliche Verfahrensorganisation gew\u00e4hrleistet.<\/em>[\/vc_column_text][vc_empty_space height=&#8220;20&#8243;][\/vc_column_inner][\/vc_row_inner][vc_empty_space height=&#8220;80&#8243;][\/vc_column][\/vc_row][vc_row type=&#8220;full_width&#8220;][vc_column][vc_empty_space height=&#8220;80&#8243;][vc_row_inner equal_height=&#8220;yes&#8220; content_placement=&#8220;middle&#8220; el_class=&#8220;tps-col-max-width&#8220;][vc_column_inner width=&#8220;1\/2&#8243;][vc_column_text]<\/p>\n<h2 class=\"tps-h2-servizi\"><span style=\"text-decoration: none;\">SICHERE <\/span><br \/>\nVERPACKUNG<\/h2>\n<h2 class=\"tps-f-30\" style=\"max-width: 460px;\">F\u00dcR EINEN MAXIMALEN SCHUTZ DES PRODUKTS.<\/h2>\n<p>[\/vc_column_text][vc_empty_space height=&#8220;20&#8243;][vc_column_text]<em>TPS liefert die Platten IXTEX MATT, IXTEX WOOD und ILUX in Paketen zu 20 St\u00fcck mit 19 mm St\u00e4rke, komplett mit Kantenumleimer als Rollenware in gleicher Farbe und Ausf\u00fchrung, oder in Paketen zu 18 St\u00fcck mit 22 mm St\u00e4rke. Die Auslieferung erfolgt auf besonders sorgf\u00e4ltige Weise, beginnend mit einem Verpackungssystem, das den maximalen Schutz des Produkts gew\u00e4hrleistet.<\/em>[\/vc_column_text][vc_empty_space height=&#8220;20&#8243;][\/vc_column_inner][vc_column_inner width=&#8220;1\/2&#8243;][vc_single_image image=&#8220;299&#8243; img_size=&#8220;full&#8220; css_animation=&#8220;fadeInRightBig&#8220; el_class=&#8220;tps-padding-l-30&#8243;][\/vc_column_inner][\/vc_row_inner][vc_empty_space height=&#8220;80&#8243;][\/vc_column][\/vc_row][vc_row css=&#8220;.vc_custom_1570531017304{background-color: #c1c0b6 !important;}&#8220;][vc_column css=&#8220;.vc_custom_1570532090010{padding-top: 50px !important;padding-bottom: 50px !important;}&#8220;][vc_row_inner][vc_column_inner width=&#8220;1\/2&#8243; offset=&#8220;vc_col-lg-offset-1 vc_col-lg-4 vc_col-md-offset-0&#8243;][vc_column_text]<\/p>\n<p class=\"tps-form-generic\"><span style=\"text-decoration: none;\">KONTAKTIERE UNS<\/span><br \/>\nF\u00dcR MEHR INFORMATIONEN<\/p>\n<p>[\/vc_column_text][\/vc_column_inner][vc_column_inner width=&#8220;1\/2&#8243;]<div role=\"form\" class=\"wpcf7\" id=\"wpcf7-f494-o1\" lang=\"de-DE\" dir=\"ltr\">\n<div class=\"screen-reader-response\"><p role=\"status\" aria-live=\"polite\" aria-atomic=\"true\"><\/p> <ul><\/ul><\/div>\n<form action=\"\/de\/wp-json\/wp\/v2\/pages\/511#wpcf7-f494-o1\" method=\"post\" class=\"wpcf7-form init\" novalidate=\"novalidate\" data-status=\"init\">\n<div style=\"display: none;\">\n<input type=\"hidden\" name=\"_wpcf7\" value=\"494\" \/>\n<input type=\"hidden\" name=\"_wpcf7_version\" value=\"5.5.3\" \/>\n<input type=\"hidden\" name=\"_wpcf7_locale\" value=\"de_DE\" \/>\n<input type=\"hidden\" name=\"_wpcf7_unit_tag\" value=\"wpcf7-f494-o1\" \/>\n<input type=\"hidden\" name=\"_wpcf7_container_post\" value=\"0\" \/>\n<input type=\"hidden\" name=\"_wpcf7_posted_data_hash\" value=\"\" \/>\n<input type=\"hidden\" name=\"_wpcf7_recaptcha_response\" value=\"\" \/>\n<\/div>\n<div class=\"form-hp\">\n<div class=\"row\">\n<div class=\"col-md-6\">\n<div class=\"row\">\n<div class=\"col-md-12\">\n<span class=\"wpcf7-form-control-wrap tps-nome\"><input type=\"text\" name=\"tps-nome\" value=\"\" size=\"40\" class=\"wpcf7-form-control wpcf7-text wpcf7-validates-as-required\" aria-required=\"true\" aria-invalid=\"false\" placeholder=\"Vorname und Nachname\" \/><\/span>\n<\/div>\n<\/div>\n<div class=\"row\">\n<div class=\"col-md-12\">\n<span class=\"wpcf7-form-control-wrap tps-contatto\"><input type=\"text\" name=\"tps-contatto\" value=\"\" size=\"40\" class=\"wpcf7-form-control wpcf7-text wpcf7-validates-as-required\" aria-required=\"true\" aria-invalid=\"false\" placeholder=\"E-Mail oder Telefon\" \/><\/span>\n<\/div>\n<\/div>\n<\/div>\n<div class=\"col-md-6\">\n<span class=\"wpcf7-form-control-wrap tps-messaggio\"><textarea name=\"tps-messaggio\" cols=\"40\" rows=\"10\" class=\"wpcf7-form-control wpcf7-textarea wpcf7-validates-as-required\" aria-required=\"true\" aria-invalid=\"false\" placeholder=\"Was k\u00f6nnen wir f\u00fcr Sie tun?\"><\/textarea><\/span>\n<\/div>\n<\/div>\n<div class=\"row\">\n<div class=\"col-md-6\"><span class=\"wpcf7-form-control-wrap tps-privacy\"><span class=\"wpcf7-form-control wpcf7-acceptance\"><span class=\"wpcf7-list-item\"><label><input type=\"checkbox\" name=\"tps-privacy\" value=\"1\" aria-invalid=\"false\" \/><span class=\"wpcf7-list-item-label\">Ich habe die Datenschutzbestimmungen unter <a href=\"\/de\/privacy-policy\/\" target=\"_blank\">diesem Link<\/a> gelesen und akzeptiere die dort angegebene Verarbeitung meiner personenbezogenen Daten.<\/span><\/label><\/span><\/span><\/span>\n<\/div>\n<div class=\"col-md-6 tps-submit\"><input type=\"submit\" value=\"senden\" class=\"wpcf7-form-control has-spinner wpcf7-submit\" \/>\n<\/div>\n<\/div>\n<\/div>\n<div class=\"wpcf7-response-output\" aria-hidden=\"true\"><\/div><\/form><\/div>[\/vc_column_inner][\/vc_row_inner][\/vc_column][\/vc_row]<\/p>\n","protected":false},"excerpt":{"rendered":"<p>[vc_row type=&#8220;full_width&#8220; css=&#8220;.vc_custom_1570716400445{background-image: url(https:\/\/www.tpssrl.net\/wp-content\/uploads\/2019\/10\/tps-bg-servizi.jpg?id=294) !important;background-position: center !important;background-repeat: no-repeat !important;background-size: cover !important;}&#8220; el_id=&#8220;tps-page-servizi-row-bg&#8220;][vc_column][rev_slider_vc alias=&#8220;servizi-deu&#8220;][vc_row_inner el_class=&#8220;tps-col-max-width&#8220;][vc_column_inner width=&#8220;6\/12&#8243;][\/vc_column_inner][vc_column_inner width=&#8220;6\/12&#8243;][vc_column_text]Die umfangreiche und konstante Verfu\u0308gbarkeit von lackierten Platten IXTEX MATT in 14 Standardfarben, von lackierten Platten ILUX in 8 Standardfarben und von Platten IXTEX WOOD in 3 Varianten gibt dem Unternehmen TPS die M\u00f6glichkeit, jederzeit Just-intime- Auftr\u00e4ge zu erfu\u0308llen. Ausgangspunkt [&hellip;]<\/p>\n","protected":false},"author":1,"featured_media":0,"parent":0,"menu_order":0,"comment_status":"closed","ping_status":"closed","template":"","meta":[],"acf":[],"yoast_head":"<!-- This site is optimized with the Yoast SEO plugin v19.3 - https:\/\/yoast.com\/wordpress\/plugins\/seo\/ -->\n<title>Verf\u00fcgbarkeit von just-in-time lackierten Platten | TPS<\/title>\n<meta name=\"description\" content=\"TPS liefert die Platten IXTEX MATT, IXTEX WOOD und ILUX in Paketen zu 20 St\u00fcck mit 19 mm St\u00e4rke, komplett mit Kantenumleimer als Rollenware in gleicher Farbe und Ausf\u00fchrung\" \/>\n<meta name=\"robots\" content=\"index, follow, max-snippet:-1, max-image-preview:large, max-video-preview:-1\" \/>\n<link rel=\"canonical\" href=\"http:\/\/www.tpssrl.net\/de\/umfangreiche-und-konstante-just-in-time-lieferbereitschaft-von-lackierten-paneelen\/\" \/>\n<meta property=\"og:locale\" content=\"de_DE\" \/>\n<meta property=\"og:type\" content=\"article\" \/>\n<meta property=\"og:title\" content=\"Verf\u00fcgbarkeit von just-in-time lackierten Platten | TPS\" \/>\n<meta property=\"og:description\" content=\"TPS liefert die Platten IXTEX MATT, IXTEX WOOD und ILUX in Paketen zu 20 St\u00fcck mit 19 mm St\u00e4rke, komplett mit Kantenumleimer als Rollenware in gleicher Farbe und Ausf\u00fchrung\" \/>\n<meta property=\"og:url\" content=\"http:\/\/www.tpssrl.net\/de\/umfangreiche-und-konstante-just-in-time-lieferbereitschaft-von-lackierten-paneelen\/\" \/>\n<meta property=\"og:site_name\" content=\"TPS\" \/>\n<meta property=\"article:modified_time\" content=\"2024-11-14T10:23:39+00:00\" \/>\n<meta name=\"twitter:card\" content=\"summary_large_image\" \/>\n<meta name=\"twitter:label1\" content=\"Gesch\u00e4tzte Lesezeit\" \/>\n\t<meta name=\"twitter:data1\" content=\"1\u00a0Minute\" \/>\n<script type=\"application\/ld+json\" class=\"yoast-schema-graph\">{\"@context\":\"https:\/\/schema.org\",\"@graph\":[{\"@type\":\"Organization\",\"@id\":\"https:\/\/www.tpssrl.net\/#organization\",\"name\":\"TPS s.r.l.\",\"url\":\"https:\/\/www.tpssrl.net\/\",\"sameAs\":[],\"logo\":{\"@type\":\"ImageObject\",\"inLanguage\":\"de\",\"@id\":\"https:\/\/www.tpssrl.net\/#\/schema\/logo\/image\/\",\"url\":\"https:\/\/www.tpssrl.net\/wp-content\/uploads\/2019\/10\/tps-logo.png\",\"contentUrl\":\"https:\/\/www.tpssrl.net\/wp-content\/uploads\/2019\/10\/tps-logo.png\",\"width\":500,\"height\":205,\"caption\":\"TPS s.r.l.\"},\"image\":{\"@id\":\"https:\/\/www.tpssrl.net\/#\/schema\/logo\/image\/\"}},{\"@type\":\"WebSite\",\"@id\":\"https:\/\/www.tpssrl.net\/#website\",\"url\":\"https:\/\/www.tpssrl.net\/\",\"name\":\"TPS\",\"description\":\"Techno painting system\",\"publisher\":{\"@id\":\"https:\/\/www.tpssrl.net\/#organization\"},\"potentialAction\":[{\"@type\":\"SearchAction\",\"target\":{\"@type\":\"EntryPoint\",\"urlTemplate\":\"https:\/\/www.tpssrl.net\/?s={search_term_string}\"},\"query-input\":\"required name=search_term_string\"}],\"inLanguage\":\"de\"},{\"@type\":\"WebPage\",\"@id\":\"http:\/\/www.tpssrl.net\/de\/umfangreiche-und-konstante-just-in-time-lieferbereitschaft-von-lackierten-paneelen\/\",\"url\":\"http:\/\/www.tpssrl.net\/de\/umfangreiche-und-konstante-just-in-time-lieferbereitschaft-von-lackierten-paneelen\/\",\"name\":\"Verf\u00fcgbarkeit von just-in-time lackierten Platten | TPS\",\"isPartOf\":{\"@id\":\"https:\/\/www.tpssrl.net\/#website\"},\"datePublished\":\"2019-10-10T09:13:32+00:00\",\"dateModified\":\"2024-11-14T10:23:39+00:00\",\"description\":\"TPS liefert die Platten IXTEX MATT, IXTEX WOOD und ILUX in Paketen zu 20 St\u00fcck mit 19 mm St\u00e4rke, komplett mit Kantenumleimer als Rollenware in gleicher Farbe und Ausf\u00fchrung\",\"breadcrumb\":{\"@id\":\"http:\/\/www.tpssrl.net\/de\/umfangreiche-und-konstante-just-in-time-lieferbereitschaft-von-lackierten-paneelen\/#breadcrumb\"},\"inLanguage\":\"de\",\"potentialAction\":[{\"@type\":\"ReadAction\",\"target\":[\"http:\/\/www.tpssrl.net\/de\/umfangreiche-und-konstante-just-in-time-lieferbereitschaft-von-lackierten-paneelen\/\"]}]},{\"@type\":\"BreadcrumbList\",\"@id\":\"http:\/\/www.tpssrl.net\/de\/umfangreiche-und-konstante-just-in-time-lieferbereitschaft-von-lackierten-paneelen\/#breadcrumb\",\"itemListElement\":[{\"@type\":\"ListItem\",\"position\":1,\"name\":\"Home\",\"item\":\"http:\/\/www.tpssrl.net\/de\/\"},{\"@type\":\"ListItem\",\"position\":2,\"name\":\"Dienstleistungen\"}]}]}<\/script>\n<!-- \/ Yoast SEO plugin. -->","yoast_head_json":{"title":"Verf\u00fcgbarkeit von just-in-time lackierten Platten | TPS","description":"TPS liefert die Platten IXTEX MATT, IXTEX WOOD und ILUX in Paketen zu 20 St\u00fcck mit 19 mm St\u00e4rke, komplett mit Kantenumleimer als Rollenware in gleicher Farbe und Ausf\u00fchrung","robots":{"index":"index","follow":"follow","max-snippet":"max-snippet:-1","max-image-preview":"max-image-preview:large","max-video-preview":"max-video-preview:-1"},"canonical":"http:\/\/www.tpssrl.net\/de\/umfangreiche-und-konstante-just-in-time-lieferbereitschaft-von-lackierten-paneelen\/","og_locale":"de_DE","og_type":"article","og_title":"Verf\u00fcgbarkeit von just-in-time lackierten Platten | TPS","og_description":"TPS liefert die Platten IXTEX MATT, IXTEX WOOD und ILUX in Paketen zu 20 St\u00fcck mit 19 mm St\u00e4rke, komplett mit Kantenumleimer als Rollenware in gleicher Farbe und Ausf\u00fchrung","og_url":"http:\/\/www.tpssrl.net\/de\/umfangreiche-und-konstante-just-in-time-lieferbereitschaft-von-lackierten-paneelen\/","og_site_name":"TPS","article_modified_time":"2024-11-14T10:23:39+00:00","twitter_card":"summary_large_image","twitter_misc":{"Gesch\u00e4tzte Lesezeit":"1\u00a0Minute"},"schema":{"@context":"https:\/\/schema.org","@graph":[{"@type":"Organization","@id":"https:\/\/www.tpssrl.net\/#organization","name":"TPS s.r.l.","url":"https:\/\/www.tpssrl.net\/","sameAs":[],"logo":{"@type":"ImageObject","inLanguage":"de","@id":"https:\/\/www.tpssrl.net\/#\/schema\/logo\/image\/","url":"https:\/\/www.tpssrl.net\/wp-content\/uploads\/2019\/10\/tps-logo.png","contentUrl":"https:\/\/www.tpssrl.net\/wp-content\/uploads\/2019\/10\/tps-logo.png","width":500,"height":205,"caption":"TPS s.r.l."},"image":{"@id":"https:\/\/www.tpssrl.net\/#\/schema\/logo\/image\/"}},{"@type":"WebSite","@id":"https:\/\/www.tpssrl.net\/#website","url":"https:\/\/www.tpssrl.net\/","name":"TPS","description":"Techno painting system","publisher":{"@id":"https:\/\/www.tpssrl.net\/#organization"},"potentialAction":[{"@type":"SearchAction","target":{"@type":"EntryPoint","urlTemplate":"https:\/\/www.tpssrl.net\/?s={search_term_string}"},"query-input":"required name=search_term_string"}],"inLanguage":"de"},{"@type":"WebPage","@id":"http:\/\/www.tpssrl.net\/de\/umfangreiche-und-konstante-just-in-time-lieferbereitschaft-von-lackierten-paneelen\/","url":"http:\/\/www.tpssrl.net\/de\/umfangreiche-und-konstante-just-in-time-lieferbereitschaft-von-lackierten-paneelen\/","name":"Verf\u00fcgbarkeit von just-in-time lackierten Platten | TPS","isPartOf":{"@id":"https:\/\/www.tpssrl.net\/#website"},"datePublished":"2019-10-10T09:13:32+00:00","dateModified":"2024-11-14T10:23:39+00:00","description":"TPS liefert die Platten IXTEX MATT, IXTEX WOOD und ILUX in Paketen zu 20 St\u00fcck mit 19 mm St\u00e4rke, komplett mit Kantenumleimer als Rollenware in gleicher Farbe und Ausf\u00fchrung","breadcrumb":{"@id":"http:\/\/www.tpssrl.net\/de\/umfangreiche-und-konstante-just-in-time-lieferbereitschaft-von-lackierten-paneelen\/#breadcrumb"},"inLanguage":"de","potentialAction":[{"@type":"ReadAction","target":["http:\/\/www.tpssrl.net\/de\/umfangreiche-und-konstante-just-in-time-lieferbereitschaft-von-lackierten-paneelen\/"]}]},{"@type":"BreadcrumbList","@id":"http:\/\/www.tpssrl.net\/de\/umfangreiche-und-konstante-just-in-time-lieferbereitschaft-von-lackierten-paneelen\/#breadcrumb","itemListElement":[{"@type":"ListItem","position":1,"name":"Home","item":"http:\/\/www.tpssrl.net\/de\/"},{"@type":"ListItem","position":2,"name":"Dienstleistungen"}]}]}},"_links":{"self":[{"href":"http:\/\/www.tpssrl.net\/de\/wp-json\/wp\/v2\/pages\/511"}],"collection":[{"href":"http:\/\/www.tpssrl.net\/de\/wp-json\/wp\/v2\/pages"}],"about":[{"href":"http:\/\/www.tpssrl.net\/de\/wp-json\/wp\/v2\/types\/page"}],"author":[{"embeddable":true,"href":"http:\/\/www.tpssrl.net\/de\/wp-json\/wp\/v2\/users\/1"}],"replies":[{"embeddable":true,"href":"http:\/\/www.tpssrl.net\/de\/wp-json\/wp\/v2\/comments?post=511"}],"version-history":[{"count":6,"href":"http:\/\/www.tpssrl.net\/de\/wp-json\/wp\/v2\/pages\/511\/revisions"}],"predecessor-version":[{"id":5660,"href":"http:\/\/www.tpssrl.net\/de\/wp-json\/wp\/v2\/pages\/511\/revisions\/5660"}],"wp:attachment":[{"href":"http:\/\/www.tpssrl.net\/de\/wp-json\/wp\/v2\/media?parent=511"}],"curies":[{"name":"wp","href":"https:\/\/api.w.org\/{rel}","templated":true}]}}