{"id":514,"date":"2019-10-02T12:01:34","date_gmt":"2019-10-02T10:01:34","guid":{"rendered":"http:\/\/www.tpssrl.net\/tps\/tps-a-guarantee-for-the-furniture-industry\/"},"modified":"2023-10-31T10:43:18","modified_gmt":"2023-10-31T09:43:18","slug":"tps-a-guarantee-for-the-furniture-industry","status":"publish","type":"page","link":"http:\/\/www.tpssrl.net\/de\/","title":{"rendered":"Eine sichere Sache f\u00fcr die M\u00f6belindustrie."},"content":{"rendered":"<p>[vc_row type=&#8220;full_width&#8220;][vc_column offset=&#8220;vc_hidden-lg vc_hidden-md&#8220;][rev_slider_vc alias=&#8220;slider-hp-deu-m&#8220;][\/vc_column][\/vc_row][vc_row css=&#8220;.vc_custom_1570525805110{padding-top: 100px !important;}&#8220;][vc_column][vc_row_inner equal_height=&#8220;yes&#8220; content_placement=&#8220;top&#8220;][vc_column_inner el_class=&#8220;tps-padding-l-20&#8243; width=&#8220;1\/2&#8243;][vc_single_image image=&#8220;1567&#8243; img_size=&#8220;full&#8220; css=&#8220;.vc_custom_1605688298752{margin-bottom: 20px !important;}&#8220;][\/vc_column_inner][vc_column_inner width=&#8220;1\/2&#8243;][vc_custom_heading text=&#8220;Exklusive Sch\u00f6nheit und streng gepr\u00fcfte Qualit\u00e4t in 2 Versionen.&#8220; el_class=&#8220;tps-f-42&#8243;][vc_column_text]<\/p>\n<p class=\"tps-intro-hp\">Dreh- und Angelpunkt der Produktionsphilosophie von TPS ist die Verkn\u00fcpfung von Erfahrung und erstklassiger Qualit\u00e4t, die sich bei der exklusiven Oberfl\u00e4chenausf\u00fchrung IXTEX konkretisiert, die in 2 Versionen erzeugt wird, die sich in Bezug auf \u00c4sthetik als auch durch ihre Leistungen stark voneinander unterscheiden.<\/p>\n<p>[\/vc_column_text][vc_empty_space height=&#8220;20&#8243;][\/vc_column_inner][\/vc_row_inner][\/vc_column][\/vc_row][vc_row el_class=&#8220;tps-hp-row1&#8243;][vc_column][vc_row_inner equal_height=&#8220;yes&#8220; content_placement=&#8220;middle&#8220;][vc_column_inner el_class=&#8220;vc_col-sm-push-6 tps-padding-l-50&#8243; width=&#8220;1\/2&#8243;][vc_single_image image=&#8220;1268&#8243; img_size=&#8220;full&#8220; css=&#8220;.vc_custom_1605687758667{margin-bottom: 20px !important;}&#8220;][vc_column_text]<\/p>\n<p class=\"tps-intro-hp\">IXTEX MATT <strong>ist eine innovative matte Soft Touch Lackierung.<\/strong>\u00a0Sie entsteht durch eine aufw\u00e4ndige UV-H\u00e4rtung der Lacke, die dank der heute im Unternehmen eingesetzten besonders fortschrittlichen Technologien m\u00f6glich gemacht wird. Diese Ausf\u00fchrung kombiniert die raffinierte und elegante Sch\u00f6nheit des Glanzgrads 3 mit einem ber\u00fchrungsfreundlichen seidigen Effekt.<\/p>\n<p>[\/vc_column_text][vc_column_text]<a class=\"tps-btn-discover\" href=\"https:\/\/www.tpssrl.net\/de\/matte-lackierung-ixtex-matt\/\">Erfahren Sie mehr<\/a>[\/vc_column_text][vc_empty_space height=&#8220;20&#8243;][\/vc_column_inner][vc_column_inner el_class=&#8220;vc_col-sm-pull-6&#8243; width=&#8220;1\/2&#8243;][vc_single_image image=&#8220;104&#8243; img_size=&#8220;full&#8220; alignment=&#8220;center&#8220; css_animation=&#8220;fadeIn&#8220;][\/vc_column_inner][\/vc_row_inner][\/vc_column][\/vc_row][vc_row css=&#8220;.vc_custom_1570525805110{padding-top: 100px !important;}&#8220;][vc_column][vc_row_inner equal_height=&#8220;yes&#8220; content_placement=&#8220;middle&#8220;][vc_column_inner el_class=&#8220;tps-padding-l-20&#8243; width=&#8220;1\/2&#8243;][vc_single_image image=&#8220;1274&#8243; img_size=&#8220;full&#8220; css=&#8220;.vc_custom_1605687775389{margin-bottom: 20px !important;}&#8220;][vc_column_text]<\/p>\n<p class=\"tps-intro-hp\">IXTEX WOOD <strong>ist eine v\u00f6llig neue transparente matte Lackierung auf Holz.<\/strong> Sie entsteht durch das Auftragen der Lackierung IXTEX MATT<br \/>\nauf Holzoberfl\u00e4chen. Diese verbindet die Anziehungskraft und den ber\u00fchrungsfreundlichen Effekt des Glanzgrads 3 mit nat\u00fcrlichem Aussehen und bietet dar\u00fcber hinaus eine Abrieb-und Kratzfestigkeit, die nie zuvor durch eine auf Holz aufgetragene Lackierung erreicht wurde.<\/p>\n<p>[\/vc_column_text][vc_column_text]<a class=\"tps-btn-discover\" href=\"https:\/\/www.tpssrl.net\/de\/transparente-matte-lackierung-auf-holz-ixtex-wood\/\">Erfahren Sie mehr<\/a>[\/vc_column_text][vc_empty_space height=&#8220;20&#8243;][\/vc_column_inner][vc_column_inner width=&#8220;1\/2&#8243;][vc_single_image image=&#8220;1282&#8243; img_size=&#8220;full&#8220; alignment=&#8220;center&#8220; css_animation=&#8220;fadeIn&#8220;][\/vc_column_inner][\/vc_row_inner][\/vc_column][\/vc_row][vc_row el_class=&#8220;tps-hp-row1&#8243;][vc_column][vc_row_inner equal_height=&#8220;yes&#8220; content_placement=&#8220;middle&#8220;][vc_column_inner el_class=&#8220;vc_col-sm-push-6 tps-padding-l-50&#8243; width=&#8220;1\/2&#8243;][vc_single_image image=&#8220;1271&#8243; img_size=&#8220;full&#8220; css=&#8220;.vc_custom_1605687792989{margin-bottom: 20px !important;}&#8220;][vc_column_text]<\/p>\n<p class=\"tps-intro-hp\">ILUX <strong>ist eine spezielle Hochglanzlackierung.<\/strong> Ihre besondere Glanzst\u00e4rke, die einem Glanzgrad von 96-97 entspricht, ist das Ergebnis eines pr\u00e4zisen UV-Lackierungszyklus, der beim Halbfertigprodukt zum Einsatz kommt. Dieses weist eine Melaminharzbeschichtung im absolut gleichen Farbton auf, wodurch die \u00e4sthetische Perfektion gesteigert wird und ein raffinierter optischer Effekt entsteht, der dem Auge \u201eTiefe\u201c schenkt.<\/p>\n<p>[\/vc_column_text][vc_column_text]<a class=\"tps-btn-discover\" href=\"https:\/\/www.tpssrl.net\/de\/hochglanzlackierung-ilux\/\">Erfahren Sie mehr<\/a>[\/vc_column_text][vc_empty_space height=&#8220;20&#8243;][\/vc_column_inner][vc_column_inner el_class=&#8220;vc_col-sm-pull-6&#8243; width=&#8220;1\/2&#8243;][vc_single_image image=&#8220;107&#8243; img_size=&#8220;full&#8220; alignment=&#8220;center&#8220; css_animation=&#8220;fadeIn&#8220;][\/vc_column_inner][\/vc_row_inner][\/vc_column][\/vc_row][vc_row type=&#8220;full_width&#8220; css=&#8220;.vc_custom_1570527362734{margin-top: 100px !important;}&#8220;][vc_column parallax=&#8220;content-moving&#8220; parallax_image=&#8220;117&#8243; css=&#8220;.vc_custom_1570540978585{padding-top: 0px !important;padding-bottom: 0px !important;}&#8220;][vc_row_inner el_id=&#8220;tps-col-max-width&#8220;][vc_column_inner el_class=&#8220;tps-padding-l-30 tps-hp-jit-col&#8220; width=&#8220;2\/3&#8243; css=&#8220;.vc_custom_1570718981094{padding-top: 100px !important;padding-bottom: 100px !important;padding-left: 50px !important;background-color: rgba(29,29,29,0.8) !important;*background-color: rgb(29,29,29) !important;}&#8220;][vc_column_text]<\/p>\n<h2 class=\"tps-h2-hp tit-jit\">UMFANGREICHE UND KONSTANTE<br \/>\n<span class=\"tps-big\">JUST-IN-TIME<\/span><br \/>\nLIEFERBEREITSCHAFT<\/h2>\n<p>[\/vc_column_text][vc_column_text]<\/p>\n<p class=\"tps-intro-hp\">Die umfangreiche und konstante Verf\u00fcgbarkeit von lackierten Platten IXTEX MATT in 14 Standardfarben, von lackierten Platten ILUX in 8 Standardfarben und von Platten IXTEX WOOD in 3 Versionen und insgesamt 5 Varianten gibt dem Unternehmen TPS die M\u00f6glichkeit, jederzeit Just-in-time-Auftr\u00e4ge zu erf\u00fcllen. Ausgangspunkt ist ein aufnahmef\u00e4higes Lager, das nach modernen Kriterien ausgestattet ist und hohe Produktionskapazit\u00e4t, Flexibilit\u00e4t und eine fortschrittliche Verfahrensorganisation gew\u00e4hrleistet.<\/p>\n<p>[\/vc_column_text][vc_column_text]<a class=\"tps-btn-discover\" href=\"https:\/\/www.tpssrl.net\/de\/umfangreiche-und-konstante-just-in-time-lieferbereitschaft-von-lackierten-paneelen\/\">Erfahren Sie mehr<\/a>[\/vc_column_text][\/vc_column_inner][vc_column_inner width=&#8220;1\/3&#8243;][\/vc_column_inner][\/vc_row_inner][\/vc_column][\/vc_row][vc_row type=&#8220;full_width&#8220; css=&#8220;.vc_custom_1571130628676{background-image: url(https:\/\/www.tpssrl.net\/wp-content\/uploads\/2019\/10\/tps-bg-hp-quality-baumer.jpg?id=111) !important;}&#8220; el_id=&#8220;tps-hp-quality&#8220;][vc_column css=&#8220;.vc_custom_1570529014658{padding-top: 0px !important;padding-bottom: 0px !important;}&#8220;][vc_row_inner el_class=&#8220;tps-col-max-width&#8220;][vc_column_inner el_class=&#8220;tps-force-width-7&#8211;&#8220; width=&#8220;1\/2&#8243;][\/vc_column_inner][vc_column_inner el_class=&#8220;tps-hp-qualita-col&#8220; width=&#8220;1\/2&#8243; css=&#8220;.vc_custom_1570784094081{padding-top: 150px !important;padding-bottom: 100px !important;padding-left: 50px !important;background-color: rgba(29,29,29,0.8) !important;*background-color: rgb(29,29,29) !important;}&#8220;][vc_column_text]<\/p>\n<h2 class=\"tps-h2-hp tit-quality\">EINE MIT MODERNSTEN SYSTEMEN GEPR\u00dcFTE<br \/>\n<span class=\"tps-big\">QUALIT\u00c4T<\/span><\/h2>\n<p>[\/vc_column_text][vc_column_text]<\/p>\n<p class=\"tps-intro-hp\">Die Qualit\u00e4t der Lackierungen IXTEX MATT, IXTEX WOOD und ILUX entspricht den \u00e4sthetischen und leistungsbezogenen Standards jener M\u00f6belhersteller, die sich mit ihren Produkten an die M\u00e4rkte des hohen und mittleren Preissegments wenden.<\/p>\n<p>[\/vc_column_text][vc_column_text]<a class=\"tps-btn-discover\" href=\"https:\/\/www.tpssrl.net\/de\/eine-mit-modernsten-systemen-gepruefte-qualitaet\/\">Erfahren Sie mehr<\/a>[\/vc_column_text][vc_empty_space height=&#8220;20&#8243;][vc_single_image image=&#8220;268&#8243; img_size=&#8220;full&#8220;][\/vc_column_inner][\/vc_row_inner][\/vc_column][\/vc_row][vc_row css=&#8220;.vc_custom_1570531017304{background-color: #c1c0b6 !important;}&#8220;][vc_column css=&#8220;.vc_custom_1570532090010{padding-top: 50px !important;padding-bottom: 50px !important;}&#8220;][vc_row_inner][vc_column_inner width=&#8220;1\/2&#8243; offset=&#8220;vc_col-lg-offset-1 vc_col-lg-4 vc_col-md-offset-0&#8243;][vc_column_text]<\/p>\n<p class=\"tps-form-generic\"><span style=\"text-decoration: none;\">KONTAKTIERE UNS<\/span><br \/>\nF\u00dcR MEHR INFORMATIONEN<\/p>\n<p>[\/vc_column_text][\/vc_column_inner][vc_column_inner width=&#8220;1\/2&#8243;]<div role=\"form\" class=\"wpcf7\" id=\"wpcf7-f494-o1\" lang=\"de-DE\" dir=\"ltr\">\n<div class=\"screen-reader-response\"><p role=\"status\" aria-live=\"polite\" aria-atomic=\"true\"><\/p> <ul><\/ul><\/div>\n<form action=\"\/de\/wp-json\/wp\/v2\/pages\/514#wpcf7-f494-o1\" method=\"post\" class=\"wpcf7-form init\" novalidate=\"novalidate\" data-status=\"init\">\n<div style=\"display: none;\">\n<input type=\"hidden\" name=\"_wpcf7\" value=\"494\" \/>\n<input type=\"hidden\" name=\"_wpcf7_version\" value=\"5.5.3\" \/>\n<input type=\"hidden\" name=\"_wpcf7_locale\" value=\"de_DE\" \/>\n<input type=\"hidden\" name=\"_wpcf7_unit_tag\" value=\"wpcf7-f494-o1\" \/>\n<input type=\"hidden\" name=\"_wpcf7_container_post\" value=\"0\" \/>\n<input type=\"hidden\" name=\"_wpcf7_posted_data_hash\" value=\"\" \/>\n<input type=\"hidden\" name=\"_wpcf7_recaptcha_response\" value=\"\" \/>\n<\/div>\n<div class=\"form-hp\">\n<div class=\"row\">\n<div class=\"col-md-6\">\n<div class=\"row\">\n<div class=\"col-md-12\">\n<span class=\"wpcf7-form-control-wrap tps-nome\"><input type=\"text\" name=\"tps-nome\" value=\"\" size=\"40\" class=\"wpcf7-form-control wpcf7-text wpcf7-validates-as-required\" aria-required=\"true\" aria-invalid=\"false\" placeholder=\"Vorname und Nachname\" \/><\/span>\n<\/div>\n<\/div>\n<div class=\"row\">\n<div class=\"col-md-12\">\n<span class=\"wpcf7-form-control-wrap tps-contatto\"><input type=\"text\" name=\"tps-contatto\" value=\"\" size=\"40\" class=\"wpcf7-form-control wpcf7-text wpcf7-validates-as-required\" aria-required=\"true\" aria-invalid=\"false\" placeholder=\"E-Mail oder Telefon\" \/><\/span>\n<\/div>\n<\/div>\n<\/div>\n<div class=\"col-md-6\">\n<span class=\"wpcf7-form-control-wrap tps-messaggio\"><textarea name=\"tps-messaggio\" cols=\"40\" rows=\"10\" class=\"wpcf7-form-control wpcf7-textarea wpcf7-validates-as-required\" aria-required=\"true\" aria-invalid=\"false\" placeholder=\"Was k\u00f6nnen wir f\u00fcr Sie tun?\"><\/textarea><\/span>\n<\/div>\n<\/div>\n<div class=\"row\">\n<div class=\"col-md-6\"><span class=\"wpcf7-form-control-wrap tps-privacy\"><span class=\"wpcf7-form-control wpcf7-acceptance\"><span class=\"wpcf7-list-item\"><label><input type=\"checkbox\" name=\"tps-privacy\" value=\"1\" aria-invalid=\"false\" \/><span class=\"wpcf7-list-item-label\">Ich habe die Datenschutzbestimmungen unter <a href=\"\/de\/privacy-policy\/\" target=\"_blank\">diesem Link<\/a> gelesen und akzeptiere die dort angegebene Verarbeitung meiner personenbezogenen Daten.<\/span><\/label><\/span><\/span><\/span>\n<\/div>\n<div class=\"col-md-6 tps-submit\"><input type=\"submit\" value=\"senden\" class=\"wpcf7-form-control has-spinner wpcf7-submit\" \/>\n<\/div>\n<\/div>\n<\/div>\n<div class=\"wpcf7-response-output\" aria-hidden=\"true\"><\/div><\/form><\/div>[\/vc_column_inner][\/vc_row_inner][\/vc_column][\/vc_row]<\/p>\n","protected":false},"excerpt":{"rendered":"<p>[vc_row type=&#8220;full_width&#8220;][vc_column offset=&#8220;vc_hidden-lg vc_hidden-md&#8220;][rev_slider_vc alias=&#8220;slider-hp-deu-m&#8220;][\/vc_column][\/vc_row][vc_row css=&#8220;.vc_custom_1570525805110{padding-top: 100px !important;}&#8220;][vc_column][vc_row_inner equal_height=&#8220;yes&#8220; content_placement=&#8220;top&#8220;][vc_column_inner el_class=&#8220;tps-padding-l-20&#8243; width=&#8220;1\/2&#8243;][vc_single_image image=&#8220;1567&#8243; img_size=&#8220;full&#8220; css=&#8220;.vc_custom_1605688298752{margin-bottom: 20px !important;}&#8220;][\/vc_column_inner][vc_column_inner width=&#8220;1\/2&#8243;][vc_custom_heading text=&#8220;Exklusive Sch\u00f6nheit und streng gepr\u00fcfte Qualit\u00e4t in 2 Versionen.&#8220; el_class=&#8220;tps-f-42&#8243;][vc_column_text] Dreh- und Angelpunkt der Produktionsphilosophie von TPS ist die Verkn\u00fcpfung von Erfahrung und erstklassiger Qualit\u00e4t, die sich bei der exklusiven Oberfl\u00e4chenausf\u00fchrung IXTEX konkretisiert, die in 2 Versionen [&hellip;]<\/p>\n","protected":false},"author":1,"featured_media":0,"parent":0,"menu_order":0,"comment_status":"closed","ping_status":"closed","template":"","meta":[],"acf":[],"yoast_head":"<!-- This site is optimized with the Yoast SEO plugin v19.3 - https:\/\/yoast.com\/wordpress\/plugins\/seo\/ -->\n<title>Experten in der Lackierung von Bauteilen und Halbzeugen | TPS<\/title>\n<meta name=\"description\" content=\"Jahrzehntelange Erfahrung in der Lackierung von Bauteilen und Halbzeugen sowie in der Lieferung von Platten f\u00fcr die M\u00f6belindustrie.\" \/>\n<meta name=\"robots\" content=\"index, follow, max-snippet:-1, max-image-preview:large, max-video-preview:-1\" \/>\n<link rel=\"canonical\" href=\"https:\/\/www.tpssrl.net\/de\/\" \/>\n<meta property=\"og:locale\" content=\"de_DE\" \/>\n<meta property=\"og:type\" content=\"article\" \/>\n<meta property=\"og:title\" content=\"Experten in der Lackierung von Bauteilen und Halbzeugen | TPS\" \/>\n<meta property=\"og:description\" content=\"Jahrzehntelange Erfahrung in der Lackierung von Bauteilen und Halbzeugen sowie in der Lieferung von Platten f\u00fcr die M\u00f6belindustrie.\" \/>\n<meta property=\"og:url\" content=\"https:\/\/www.tpssrl.net\/de\/\" \/>\n<meta property=\"og:site_name\" content=\"TPS\" \/>\n<meta property=\"article:modified_time\" content=\"2023-10-31T09:43:18+00:00\" \/>\n<meta name=\"twitter:card\" content=\"summary_large_image\" \/>\n<meta name=\"twitter:label1\" content=\"Gesch\u00e4tzte Lesezeit\" \/>\n\t<meta name=\"twitter:data1\" content=\"3\u00a0Minuten\" \/>\n<script type=\"application\/ld+json\" class=\"yoast-schema-graph\">{\"@context\":\"https:\/\/schema.org\",\"@graph\":[{\"@type\":\"Organization\",\"@id\":\"https:\/\/www.tpssrl.net\/de\/#organization\",\"name\":\"TPS s.r.l.\",\"url\":\"https:\/\/www.tpssrl.net\/de\/\",\"sameAs\":[],\"logo\":{\"@type\":\"ImageObject\",\"inLanguage\":\"de\",\"@id\":\"https:\/\/www.tpssrl.net\/de\/#\/schema\/logo\/image\/\",\"url\":\"https:\/\/www.tpssrl.net\/wp-content\/uploads\/2019\/10\/tps-logo.png\",\"contentUrl\":\"https:\/\/www.tpssrl.net\/wp-content\/uploads\/2019\/10\/tps-logo.png\",\"width\":500,\"height\":205,\"caption\":\"TPS s.r.l.\"},\"image\":{\"@id\":\"https:\/\/www.tpssrl.net\/de\/#\/schema\/logo\/image\/\"}},{\"@type\":\"WebSite\",\"@id\":\"https:\/\/www.tpssrl.net\/de\/#website\",\"url\":\"https:\/\/www.tpssrl.net\/de\/\",\"name\":\"TPS\",\"description\":\"Techno painting system\",\"publisher\":{\"@id\":\"https:\/\/www.tpssrl.net\/de\/#organization\"},\"potentialAction\":[{\"@type\":\"SearchAction\",\"target\":{\"@type\":\"EntryPoint\",\"urlTemplate\":\"https:\/\/www.tpssrl.net\/de\/?s={search_term_string}\"},\"query-input\":\"required name=search_term_string\"}],\"inLanguage\":\"de\"},{\"@type\":\"WebPage\",\"@id\":\"https:\/\/www.tpssrl.net\/de\/\",\"url\":\"https:\/\/www.tpssrl.net\/de\/\",\"name\":\"Experten in der Lackierung von Bauteilen und Halbzeugen | TPS\",\"isPartOf\":{\"@id\":\"https:\/\/www.tpssrl.net\/de\/#website\"},\"datePublished\":\"2019-10-02T10:01:34+00:00\",\"dateModified\":\"2023-10-31T09:43:18+00:00\",\"description\":\"Jahrzehntelange Erfahrung in der Lackierung von Bauteilen und Halbzeugen sowie in der Lieferung von Platten f\u00fcr die M\u00f6belindustrie.\",\"breadcrumb\":{\"@id\":\"https:\/\/www.tpssrl.net\/de\/#breadcrumb\"},\"inLanguage\":\"de\",\"potentialAction\":[{\"@type\":\"ReadAction\",\"target\":[\"https:\/\/www.tpssrl.net\/de\/\"]}]},{\"@type\":\"BreadcrumbList\",\"@id\":\"https:\/\/www.tpssrl.net\/de\/#breadcrumb\",\"itemListElement\":[{\"@type\":\"ListItem\",\"position\":1,\"name\":\"Home\",\"item\":\"https:\/\/www.tpssrl.net\/de\/\"},{\"@type\":\"ListItem\",\"position\":2,\"name\":\"Eine sichere Sache f\u00fcr die M\u00f6belindustrie.\"}]}]}<\/script>\n<!-- \/ Yoast SEO plugin. -->","yoast_head_json":{"title":"Experten in der Lackierung von Bauteilen und Halbzeugen | TPS","description":"Jahrzehntelange Erfahrung in der Lackierung von Bauteilen und Halbzeugen sowie in der Lieferung von Platten f\u00fcr die M\u00f6belindustrie.","robots":{"index":"index","follow":"follow","max-snippet":"max-snippet:-1","max-image-preview":"max-image-preview:large","max-video-preview":"max-video-preview:-1"},"canonical":"https:\/\/www.tpssrl.net\/de\/","og_locale":"de_DE","og_type":"article","og_title":"Experten in der Lackierung von Bauteilen und Halbzeugen | TPS","og_description":"Jahrzehntelange Erfahrung in der Lackierung von Bauteilen und Halbzeugen sowie in der Lieferung von Platten f\u00fcr die M\u00f6belindustrie.","og_url":"https:\/\/www.tpssrl.net\/de\/","og_site_name":"TPS","article_modified_time":"2023-10-31T09:43:18+00:00","twitter_card":"summary_large_image","twitter_misc":{"Gesch\u00e4tzte Lesezeit":"3\u00a0Minuten"},"schema":{"@context":"https:\/\/schema.org","@graph":[{"@type":"Organization","@id":"https:\/\/www.tpssrl.net\/de\/#organization","name":"TPS s.r.l.","url":"https:\/\/www.tpssrl.net\/de\/","sameAs":[],"logo":{"@type":"ImageObject","inLanguage":"de","@id":"https:\/\/www.tpssrl.net\/de\/#\/schema\/logo\/image\/","url":"https:\/\/www.tpssrl.net\/wp-content\/uploads\/2019\/10\/tps-logo.png","contentUrl":"https:\/\/www.tpssrl.net\/wp-content\/uploads\/2019\/10\/tps-logo.png","width":500,"height":205,"caption":"TPS s.r.l."},"image":{"@id":"https:\/\/www.tpssrl.net\/de\/#\/schema\/logo\/image\/"}},{"@type":"WebSite","@id":"https:\/\/www.tpssrl.net\/de\/#website","url":"https:\/\/www.tpssrl.net\/de\/","name":"TPS","description":"Techno painting system","publisher":{"@id":"https:\/\/www.tpssrl.net\/de\/#organization"},"potentialAction":[{"@type":"SearchAction","target":{"@type":"EntryPoint","urlTemplate":"https:\/\/www.tpssrl.net\/de\/?s={search_term_string}"},"query-input":"required name=search_term_string"}],"inLanguage":"de"},{"@type":"WebPage","@id":"https:\/\/www.tpssrl.net\/de\/","url":"https:\/\/www.tpssrl.net\/de\/","name":"Experten in der Lackierung von Bauteilen und Halbzeugen | TPS","isPartOf":{"@id":"https:\/\/www.tpssrl.net\/de\/#website"},"datePublished":"2019-10-02T10:01:34+00:00","dateModified":"2023-10-31T09:43:18+00:00","description":"Jahrzehntelange Erfahrung in der Lackierung von Bauteilen und Halbzeugen sowie in der Lieferung von Platten f\u00fcr die M\u00f6belindustrie.","breadcrumb":{"@id":"https:\/\/www.tpssrl.net\/de\/#breadcrumb"},"inLanguage":"de","potentialAction":[{"@type":"ReadAction","target":["https:\/\/www.tpssrl.net\/de\/"]}]},{"@type":"BreadcrumbList","@id":"https:\/\/www.tpssrl.net\/de\/#breadcrumb","itemListElement":[{"@type":"ListItem","position":1,"name":"Home","item":"https:\/\/www.tpssrl.net\/de\/"},{"@type":"ListItem","position":2,"name":"Eine sichere Sache f\u00fcr die M\u00f6belindustrie."}]}]}},"_links":{"self":[{"href":"http:\/\/www.tpssrl.net\/de\/wp-json\/wp\/v2\/pages\/514"}],"collection":[{"href":"http:\/\/www.tpssrl.net\/de\/wp-json\/wp\/v2\/pages"}],"about":[{"href":"http:\/\/www.tpssrl.net\/de\/wp-json\/wp\/v2\/types\/page"}],"author":[{"embeddable":true,"href":"http:\/\/www.tpssrl.net\/de\/wp-json\/wp\/v2\/users\/1"}],"replies":[{"embeddable":true,"href":"http:\/\/www.tpssrl.net\/de\/wp-json\/wp\/v2\/comments?post=514"}],"version-history":[{"count":11,"href":"http:\/\/www.tpssrl.net\/de\/wp-json\/wp\/v2\/pages\/514\/revisions"}],"predecessor-version":[{"id":5663,"href":"http:\/\/www.tpssrl.net\/de\/wp-json\/wp\/v2\/pages\/514\/revisions\/5663"}],"wp:attachment":[{"href":"http:\/\/www.tpssrl.net\/de\/wp-json\/wp\/v2\/media?parent=514"}],"curies":[{"name":"wp","href":"https:\/\/api.w.org\/{rel}","templated":true}]}}